{"id":146935,"date":"2025-01-28T14:05:56","date_gmt":"2025-01-28T13:05:56","guid":{"rendered":"https:\/\/www.sound-ecology.com\/projets-de-vegetalisation\/"},"modified":"2025-10-04T16:24:42","modified_gmt":"2025-10-04T14:24:42","slug":"greening-projects","status":"publish","type":"page","link":"https:\/\/www.sound-ecology.com\/en\/greening-projects\/","title":{"rendered":"Greening projects"},"content":{"rendered":"<div class=\"wpb-content-wrapper\"><p>[vc_row row_height_percent=&#8221;75&#8243; override_padding=&#8221;yes&#8221; h_padding=&#8221;1&#8243; top_padding=&#8221;5&#8243; bottom_padding=&#8221;5&#8243; back_color=&#8221;color-nhtu&#8221; back_image=&#8221;146177&#8243; parallax=&#8221;yes&#8221; overlay_alpha=&#8221;85&#8243; overlay_color_blend=&#8221;multiply&#8221; gutter_size=&#8221;3&#8243; column_width_percent=&#8221;100&#8243; shift_y=&#8221;0&#8243; z_index=&#8221;0&#8243; bottom_divider=&#8221;step_2_3&#8243; content_parallax=&#8221;3&#8243; uncode_shortcode_id=&#8221;800983&#8243; back_color_type=&#8221;uncode-palette&#8221; el_class=&#8221;overflow-hidden&#8221; overlay_color_type=&#8221;uncode-solid&#8221; overlay_color_solid=&#8221;#0c4f48&#8243;][vc_column column_width_percent=&#8221;100&#8243; position_vertical=&#8221;middle&#8221; align_horizontal=&#8221;align_center&#8221; gutter_size=&#8221;4&#8243; override_padding=&#8221;yes&#8221; column_padding=&#8221;2&#8243; style=&#8221;dark&#8221; overlay_alpha=&#8221;50&#8243; shift_x=&#8221;0&#8243; shift_y=&#8221;0&#8243; shift_y_down=&#8221;0&#8243; z_index=&#8221;0&#8243; medium_width=&#8221;0&#8243; mobile_width=&#8221;0&#8243; width=&#8221;1\/1&#8243; uncode_shortcode_id=&#8221;178325&#8243;][vc_custom_heading heading_semantic=&#8221;h1&#8243; text_size=&#8221;custom&#8221; text_weight=&#8221;300&#8243; uncode_shortcode_id=&#8221;189561&#8243; heading_custom_size=&#8221;clamp(35px, 5vw, 70px)&#8221;]Sound Ecology, urban greening for enhanced biodiversity[\/vc_custom_heading][vc_icon icon=&#8221;fa fa-arrow-down4&#8243; background_style=&#8221;fa-rounded&#8221; size=&#8221;fa-2x&#8221; outline=&#8221;yes&#8221; uncode_shortcode_id=&#8221;104466&#8243; link=&#8221;url:%23intro&#8221;][\/vc_icon][vc_empty_space empty_h=&#8221;3&#8243;][\/vc_column][\/vc_row][vc_row][vc_column][vc_column_text]<\/p>\n<p>[\/vc_column_text][\/vc_column][\/vc_row][vc_row unlock_row_content=&#8221;yes&#8221; row_height_percent=&#8221;0&#8243; override_padding=&#8221;yes&#8221; h_padding=&#8221;7&#8243; top_padding=&#8221;5&#8243; bottom_padding=&#8221;5&#8243; overlay_alpha=&#8221;50&#8243; gutter_size=&#8221;3&#8243; column_width_percent=&#8221;100&#8243; shift_y=&#8221;0&#8243; z_index=&#8221;0&#8243; content_parallax=&#8221;0&#8243; uncode_shortcode_id=&#8221;141733&#8243; row_name=&#8221;intro&#8221;][vc_column column_width_percent=&#8221;100&#8243; gutter_size=&#8221;4&#8243; overlay_alpha=&#8221;50&#8243; shift_x=&#8221;0&#8243; shift_y=&#8221;0&#8243; shift_y_down=&#8221;0&#8243; z_index=&#8221;0&#8243; medium_width=&#8221;0&#8243; mobile_width=&#8221;0&#8243; width=&#8221;1\/1&#8243; uncode_shortcode_id=&#8221;730276&#8243;][vc_row_inner row_inner_height_percent=&#8221;0&#8243; overlay_alpha=&#8221;50&#8243; gutter_size=&#8221;5&#8243; shift_y=&#8221;0&#8243; z_index=&#8221;0&#8243; limit_content=&#8221;&#8221; uncode_shortcode_id=&#8221;195968&#8243;][vc_column_inner column_width_percent=&#8221;100&#8243; gutter_size=&#8221;3&#8243; overlay_alpha=&#8221;50&#8243; shift_x=&#8221;0&#8243; shift_y=&#8221;0&#8243; shift_y_down=&#8221;0&#8243; z_index=&#8221;0&#8243; medium_visibility=&#8221;yes&#8221; medium_width=&#8221;0&#8243; mobile_width=&#8221;0&#8243; width=&#8221;8\/12&#8243; uncode_shortcode_id=&#8221;525692&#8243;][vc_custom_heading text_size=&#8221;h5&#8243; text_weight=&#8221;500&#8243; badge_style=&#8221;yes&#8221; radius=&#8221;xl&#8221; uncode_shortcode_id=&#8221;895807&#8243; text_color_type=&#8221;uncode-solid&#8221; text_color_solid=&#8221;#0c4f48&#8243; back_color_type=&#8221;uncode-solid&#8221; back_color_solid=&#8221;#e7f0e7&#8243;]<span class=\"text-accent-color\">\u25cf<\/span> Greening Projects[\/vc_custom_heading][vc_custom_heading heading_semantic=&#8221;h6&#8243; text_size=&#8221;custom&#8221; text_weight=&#8221;300&#8243; uncode_shortcode_id=&#8221;167435&#8243; heading_custom_size=&#8221;clamp(24px,5vw,35px)&#8221;]Our greening services combine functionality and sustainability. We offer plant-based solutions for roofs and walls, guiding you from project inception through maintenance. We create biodiversity-friendly spaces while providing practical benefits.[\/vc_custom_heading][vc_custom_heading heading_semantic=&#8221;h3&#8243; text_size=&#8221;custom&#8221; text_weight=&#8221;300&#8243; uncode_shortcode_id=&#8221;299529&#8243; heading_custom_size=&#8221;clamp(28px, 5vw, 35px)&#8221; subheading=&#8221;Design of ecological roofs that recreate natural habitats, reduce heat islands, and support urban biodiversity with plant selections favored by pollinators and special features (e.g., for birds). Our expertise also includes supplying regionally sourced substrates tailored for these roofs.&#8221;]Green Roofs[\/vc_custom_heading][vc_custom_heading heading_semantic=&#8221;h3&#8243; text_size=&#8221;custom&#8221; text_weight=&#8221;300&#8243; uncode_shortcode_id=&#8221;739547&#8243; heading_custom_size=&#8221;clamp(28px, 5vw, 35px)&#8221; subheading=&#8221;Design of living walls using eco-efficient technologies. They provide habitats for local wildlife, improve outdoor air quality, and enhance indoor acoustic insulation and thermal comfort.&#8221;]Living Walls[\/vc_custom_heading][\/vc_column_inner][vc_column_inner column_width_percent=&#8221;100&#8243; gutter_size=&#8221;3&#8243; overlay_alpha=&#8221;50&#8243; shift_x=&#8221;0&#8243; shift_y=&#8221;0&#8243; shift_y_down=&#8221;0&#8243; z_index=&#8221;0&#8243; medium_width=&#8221;0&#8243; mobile_width=&#8221;0&#8243; width=&#8221;4\/12&#8243; uncode_shortcode_id=&#8221;149941&#8243;][vc_single_image media=&#8221;146829&#8243; media_width_percent=&#8221;100&#8243; media_ratio=&#8221;one-one&#8221; lbox_title=&#8221;yes&#8221; lbox_caption=&#8221;yes&#8221; media_half_padding=&#8221;&#8221; media_title_uppercase=&#8221;&#8221; media_title_bold=&#8221;&#8221; media_title_serif=&#8221;&#8221; media_no_background=&#8221;&#8221; media_shadow=&#8221;&#8221; media_border=&#8221;&#8221; media_link_large=&#8221;&#8221; media_link_target=&#8221;_self&#8221; media_link=&#8221;||&#8221; uncode_shortcode_id=&#8221;361193&#8243; el_class=&#8221;unmask-blob-2&#8243;][\/vc_column_inner][\/vc_row_inner][\/vc_column][\/vc_row][vc_row][vc_column][vc_column_text]<\/p>\n<p>[\/vc_column_text][\/vc_column][\/vc_row][vc_row unlock_row_content=&#8221;yes&#8221; row_height_percent=&#8221;0&#8243; override_padding=&#8221;yes&#8221; h_padding=&#8221;7&#8243; top_padding=&#8221;4&#8243; bottom_padding=&#8221;4&#8243; back_color=&#8221;color-611883&#8243; overlay_alpha=&#8221;50&#8243; gutter_size=&#8221;3&#8243; column_width_percent=&#8221;100&#8243; shift_y=&#8221;0&#8243; z_index=&#8221;0&#8243; content_parallax=&#8221;0&#8243; uncode_shortcode_id=&#8221;387836&#8243; row_name=&#8221;intro&#8221; back_color_type=&#8221;uncode-palette&#8221;][vc_column column_width_percent=&#8221;100&#8243; gutter_size=&#8221;4&#8243; overlay_alpha=&#8221;50&#8243; shift_x=&#8221;0&#8243; shift_y=&#8221;0&#8243; shift_y_down=&#8221;0&#8243; z_index=&#8221;0&#8243; medium_width=&#8221;0&#8243; mobile_width=&#8221;0&#8243; width=&#8221;1\/1&#8243; uncode_shortcode_id=&#8221;730276&#8243;][vc_custom_heading text_size=&#8221;h5&#8243; text_weight=&#8221;500&#8243; badge_style=&#8221;yes&#8221; back_color=&#8221;color-xsdn&#8221; radius=&#8221;xl&#8221; uncode_shortcode_id=&#8221;192514&#8243; text_color_type=&#8221;uncode-solid&#8221; text_color_solid=&#8221;#0c4f48&#8243; back_color_type=&#8221;uncode-palette&#8221;]<span class=\"text-accent-color\">\u25cf<\/span> Our Collaborations[\/vc_custom_heading][uncode_index el_id=&#8221;index-8195332837&#8243; index_type=&#8221;css_grid&#8221; loop=&#8221;size:2|order_by:menu_order|post_type:portfolio|tax_query:70|taxonomy_count:10&#8243; grid_items=&#8221;2&#8243; screen_lg_items=&#8221;2&#8243; screen_lg_breakpoint=&#8221;1000&#8243; screen_md_items=&#8221;2&#8243; screen_md_breakpoint=&#8221;600&#8243; screen_sm_items=&#8221;1&#8243; screen_sm_breakpoint=&#8221;480&#8243; filter_all_opposite=&#8221;yes&#8221; gutter_size=&#8221;3&#8243; post_items=&#8221;media|featured|onpost|poster,date,title,text|excerpt|90,category|bordered|topright|hide-icon&#8221; portfolio_items=&#8221;media|featured|nolink|original,title,detail-193523&#8243; infinite=&#8221;yes&#8221; infinite_button=&#8221;yes&#8221; infinite_hover_fx=&#8221;outlined&#8221; infinite_button_outline=&#8221;yes&#8221; infinite_button_shape=&#8221;btn-circle&#8221; single_text=&#8221;overlay&#8221; css_grid_images_size=&#8221;four-three&#8221; single_shape=&#8221;round&#8221; radius=&#8221;lg&#8221; single_overlay_color=&#8221;color-167603&#8243; single_overlay_coloration=&#8221;bottom_gradient&#8221; single_overlay_blend=&#8221;multiply&#8221; single_overlay_opacity=&#8221;80&#8243; single_overlay_visible=&#8221;yes&#8221; single_overlay_anim=&#8221;no&#8221; single_text_visible=&#8221;yes&#8221; single_text_anim=&#8221;no&#8221; single_image_anim=&#8221;no&#8221; single_v_position=&#8221;bottom&#8221; single_padding=&#8221;1&#8243; single_text_reduced=&#8221;yes&#8221; single_title_dimension=&#8221;h3&#8243; single_border=&#8221;yes&#8221; single_css_animation=&#8221;bottom-t-top&#8221; single_animation_delay=&#8221;200&#8243; custom_order=&#8221;yes&#8221; uncode_shortcode_id=&#8221;156948&#8243; order_ids=&#8221;145114,145390,145393,145395,145397,145399,145402,145404,145406,145408,145410&#8243; infinite_button_text=&#8221;See more&#8221;][\/vc_column][\/vc_row]<\/p>\n<\/div>","protected":false},"excerpt":{"rendered":"<p>[vc_row row_height_percent=&#8221;75&#8243; override_padding=&#8221;yes&#8221; h_padding=&#8221;1&#8243; top_padding=&#8221;5&#8243; bottom_padding=&#8221;5&#8243; back_color=&#8221;color-nhtu&#8221; back_image=&#8221;146177&#8243; parallax=&#8221;yes&#8221; overlay_alpha=&#8221;85&#8243; overlay_color_blend=&#8221;multiply&#8221; gutter_size=&#8221;3&#8243; column_width_percent=&#8221;100&#8243; shift_y=&#8221;0&#8243; z_index=&#8221;0&#8243; bottom_divider=&#8221;step_2_3&#8243; content_parallax=&#8221;3&#8243; uncode_shortcode_id=&#8221;800983&#8243; back_color_type=&#8221;uncode-palette&#8221; el_class=&#8221;overflow-hidden&#8221; [&hellip;]<\/p>\n","protected":false},"author":1,"featured_media":0,"parent":0,"menu_order":0,"comment_status":"closed","ping_status":"closed","template":"","meta":{"footnotes":""},"class_list":["post-146935","page","type-page","status-publish","hentry"],"yoast_head":"<!-- This site is optimized with the Yoast SEO plugin v26.0 - https:\/\/yoast.com\/wordpress\/plugins\/seo\/ -->\n<title>Greening projects - Sound Ecology<\/title>\n<meta name=\"description\" content=\"Conception et r\u00e9alisation de projets v\u00e9g\u00e9talis\u00e9s pour am\u00e9liorer la qualit\u00e9 de vie et la biodiversit\u00e9 en milieu urbain.\u200b\" \/>\n<meta name=\"robots\" content=\"index, follow, max-snippet:-1, max-image-preview:large, max-video-preview:-1\" \/>\n<link rel=\"canonical\" href=\"https:\/\/www.sound-ecology.com\/en\/greening-projects\/\" \/>\n<meta property=\"og:locale\" content=\"en_US\" \/>\n<meta property=\"og:type\" content=\"article\" \/>\n<meta property=\"og:title\" content=\"Greening projects - Sound Ecology\" \/>\n<meta property=\"og:description\" content=\"Conception et r\u00e9alisation de projets v\u00e9g\u00e9talis\u00e9s pour am\u00e9liorer la qualit\u00e9 de vie et la biodiversit\u00e9 en milieu urbain.\u200b\" \/>\n<meta property=\"og:url\" content=\"https:\/\/www.sound-ecology.com\/en\/greening-projects\/\" \/>\n<meta property=\"og:site_name\" content=\"Sound Ecology\" \/>\n<meta property=\"article:modified_time\" content=\"2025-10-04T14:24:42+00:00\" \/>\n<meta name=\"twitter:card\" content=\"summary_large_image\" \/>\n<meta name=\"twitter:label1\" content=\"Est. reading time\" \/>\n\t<meta name=\"twitter:data1\" content=\"2 minutes\" \/>\n<script type=\"application\/ld+json\" class=\"yoast-schema-graph\">{\"@context\":\"https:\/\/schema.org\",\"@graph\":[{\"@type\":\"WebPage\",\"@id\":\"https:\/\/www.sound-ecology.com\/en\/greening-projects\/\",\"url\":\"https:\/\/www.sound-ecology.com\/en\/greening-projects\/\",\"name\":\"Greening projects - Sound Ecology\",\"isPartOf\":{\"@id\":\"https:\/\/www.sound-ecology.com\/en\/#website\"},\"datePublished\":\"2025-01-28T13:05:56+00:00\",\"dateModified\":\"2025-10-04T14:24:42+00:00\",\"description\":\"Conception et r\u00e9alisation de projets v\u00e9g\u00e9talis\u00e9s pour am\u00e9liorer la qualit\u00e9 de vie et la biodiversit\u00e9 en milieu urbain.\u200b\",\"breadcrumb\":{\"@id\":\"https:\/\/www.sound-ecology.com\/en\/greening-projects\/#breadcrumb\"},\"inLanguage\":\"en-US\",\"potentialAction\":[{\"@type\":\"ReadAction\",\"target\":[\"https:\/\/www.sound-ecology.com\/en\/greening-projects\/\"]}]},{\"@type\":\"BreadcrumbList\",\"@id\":\"https:\/\/www.sound-ecology.com\/en\/greening-projects\/#breadcrumb\",\"itemListElement\":[{\"@type\":\"ListItem\",\"position\":1,\"name\":\"Accueil\",\"item\":\"https:\/\/www.sound-ecology.com\/en\/\"},{\"@type\":\"ListItem\",\"position\":2,\"name\":\"Greening projects\"}]},{\"@type\":\"WebSite\",\"@id\":\"https:\/\/www.sound-ecology.com\/en\/#website\",\"url\":\"https:\/\/www.sound-ecology.com\/en\/\",\"name\":\"Sound Ecology\",\"description\":\"Biodiversit\u00e9 &amp; V\u00e9g\u00e9talisation durable\",\"publisher\":{\"@id\":\"https:\/\/www.sound-ecology.com\/en\/#organization\"},\"potentialAction\":[{\"@type\":\"SearchAction\",\"target\":{\"@type\":\"EntryPoint\",\"urlTemplate\":\"https:\/\/www.sound-ecology.com\/en\/?s={search_term_string}\"},\"query-input\":{\"@type\":\"PropertyValueSpecification\",\"valueRequired\":true,\"valueName\":\"search_term_string\"}}],\"inLanguage\":\"en-US\"},{\"@type\":\"Organization\",\"@id\":\"https:\/\/www.sound-ecology.com\/en\/#organization\",\"name\":\"Sound Ecology\",\"url\":\"https:\/\/www.sound-ecology.com\/en\/\",\"logo\":{\"@type\":\"ImageObject\",\"inLanguage\":\"en-US\",\"@id\":\"https:\/\/www.sound-ecology.com\/en\/#\/schema\/logo\/image\/\",\"url\":\"https:\/\/www.sound-ecology.com\/wp-content\/uploads\/2025\/02\/soundecology-logo-dark-1.svg\",\"contentUrl\":\"https:\/\/www.sound-ecology.com\/wp-content\/uploads\/2025\/02\/soundecology-logo-dark-1.svg\",\"width\":\"250\",\"height\":\"93\",\"caption\":\"Sound Ecology\"},\"image\":{\"@id\":\"https:\/\/www.sound-ecology.com\/en\/#\/schema\/logo\/image\/\"},\"sameAs\":[\"https:\/\/www.linkedin.com\/company\/soundecology\"]}]}<\/script>\n<!-- \/ Yoast SEO plugin. -->","yoast_head_json":{"title":"Greening projects - Sound Ecology","description":"Conception et r\u00e9alisation de projets v\u00e9g\u00e9talis\u00e9s pour am\u00e9liorer la qualit\u00e9 de vie et la biodiversit\u00e9 en milieu urbain.\u200b","robots":{"index":"index","follow":"follow","max-snippet":"max-snippet:-1","max-image-preview":"max-image-preview:large","max-video-preview":"max-video-preview:-1"},"canonical":"https:\/\/www.sound-ecology.com\/en\/greening-projects\/","og_locale":"en_US","og_type":"article","og_title":"Greening projects - Sound Ecology","og_description":"Conception et r\u00e9alisation de projets v\u00e9g\u00e9talis\u00e9s pour am\u00e9liorer la qualit\u00e9 de vie et la biodiversit\u00e9 en milieu urbain.\u200b","og_url":"https:\/\/www.sound-ecology.com\/en\/greening-projects\/","og_site_name":"Sound Ecology","article_modified_time":"2025-10-04T14:24:42+00:00","twitter_card":"summary_large_image","twitter_misc":{"Est. reading time":"2 minutes"},"schema":{"@context":"https:\/\/schema.org","@graph":[{"@type":"WebPage","@id":"https:\/\/www.sound-ecology.com\/en\/greening-projects\/","url":"https:\/\/www.sound-ecology.com\/en\/greening-projects\/","name":"Greening projects - Sound Ecology","isPartOf":{"@id":"https:\/\/www.sound-ecology.com\/en\/#website"},"datePublished":"2025-01-28T13:05:56+00:00","dateModified":"2025-10-04T14:24:42+00:00","description":"Conception et r\u00e9alisation de projets v\u00e9g\u00e9talis\u00e9s pour am\u00e9liorer la qualit\u00e9 de vie et la biodiversit\u00e9 en milieu urbain.\u200b","breadcrumb":{"@id":"https:\/\/www.sound-ecology.com\/en\/greening-projects\/#breadcrumb"},"inLanguage":"en-US","potentialAction":[{"@type":"ReadAction","target":["https:\/\/www.sound-ecology.com\/en\/greening-projects\/"]}]},{"@type":"BreadcrumbList","@id":"https:\/\/www.sound-ecology.com\/en\/greening-projects\/#breadcrumb","itemListElement":[{"@type":"ListItem","position":1,"name":"Accueil","item":"https:\/\/www.sound-ecology.com\/en\/"},{"@type":"ListItem","position":2,"name":"Greening projects"}]},{"@type":"WebSite","@id":"https:\/\/www.sound-ecology.com\/en\/#website","url":"https:\/\/www.sound-ecology.com\/en\/","name":"Sound Ecology","description":"Biodiversit\u00e9 &amp; V\u00e9g\u00e9talisation durable","publisher":{"@id":"https:\/\/www.sound-ecology.com\/en\/#organization"},"potentialAction":[{"@type":"SearchAction","target":{"@type":"EntryPoint","urlTemplate":"https:\/\/www.sound-ecology.com\/en\/?s={search_term_string}"},"query-input":{"@type":"PropertyValueSpecification","valueRequired":true,"valueName":"search_term_string"}}],"inLanguage":"en-US"},{"@type":"Organization","@id":"https:\/\/www.sound-ecology.com\/en\/#organization","name":"Sound Ecology","url":"https:\/\/www.sound-ecology.com\/en\/","logo":{"@type":"ImageObject","inLanguage":"en-US","@id":"https:\/\/www.sound-ecology.com\/en\/#\/schema\/logo\/image\/","url":"https:\/\/www.sound-ecology.com\/wp-content\/uploads\/2025\/02\/soundecology-logo-dark-1.svg","contentUrl":"https:\/\/www.sound-ecology.com\/wp-content\/uploads\/2025\/02\/soundecology-logo-dark-1.svg","width":"250","height":"93","caption":"Sound Ecology"},"image":{"@id":"https:\/\/www.sound-ecology.com\/en\/#\/schema\/logo\/image\/"},"sameAs":["https:\/\/www.linkedin.com\/company\/soundecology"]}]}},"_links":{"self":[{"href":"https:\/\/www.sound-ecology.com\/en\/wp-json\/wp\/v2\/pages\/146935","targetHints":{"allow":["GET"]}}],"collection":[{"href":"https:\/\/www.sound-ecology.com\/en\/wp-json\/wp\/v2\/pages"}],"about":[{"href":"https:\/\/www.sound-ecology.com\/en\/wp-json\/wp\/v2\/types\/page"}],"author":[{"embeddable":true,"href":"https:\/\/www.sound-ecology.com\/en\/wp-json\/wp\/v2\/users\/1"}],"replies":[{"embeddable":true,"href":"https:\/\/www.sound-ecology.com\/en\/wp-json\/wp\/v2\/comments?post=146935"}],"version-history":[{"count":4,"href":"https:\/\/www.sound-ecology.com\/en\/wp-json\/wp\/v2\/pages\/146935\/revisions"}],"predecessor-version":[{"id":147417,"href":"https:\/\/www.sound-ecology.com\/en\/wp-json\/wp\/v2\/pages\/146935\/revisions\/147417"}],"wp:attachment":[{"href":"https:\/\/www.sound-ecology.com\/en\/wp-json\/wp\/v2\/media?parent=146935"}],"curies":[{"name":"wp","href":"https:\/\/api.w.org\/{rel}","templated":true}]}}