{"id":146933,"date":"2025-01-28T14:56:58","date_gmt":"2025-01-28T13:56:58","guid":{"rendered":"https:\/\/www.sound-ecology.com\/projets\/"},"modified":"2025-04-19T14:55:06","modified_gmt":"2025-04-19T12:55:06","slug":"projects","status":"publish","type":"page","link":"https:\/\/www.sound-ecology.com\/en\/projects\/","title":{"rendered":"Projects"},"content":{"rendered":"<div class=\"wpb-content-wrapper\"><p>[vc_row row_height_percent=&#8221;75&#8243; override_padding=&#8221;yes&#8221; h_padding=&#8221;1&#8243; top_padding=&#8221;5&#8243; bottom_padding=&#8221;5&#8243; back_color=&#8221;color-nhtu&#8221; back_image=&#8221;145947&#8243; parallax=&#8221;yes&#8221; overlay_alpha=&#8221;85&#8243; overlay_color_blend=&#8221;multiply&#8221; gutter_size=&#8221;3&#8243; column_width_percent=&#8221;100&#8243; shift_y=&#8221;0&#8243; z_index=&#8221;0&#8243; bottom_divider=&#8221;step_2_3&#8243; content_parallax=&#8221;3&#8243; uncode_shortcode_id=&#8221;122979&#8243; back_color_type=&#8221;uncode-palette&#8221; el_class=&#8221;overflow-hidden&#8221; overlay_color_type=&#8221;uncode-solid&#8221; overlay_color_solid=&#8221;#0c4f48&#8243;][vc_column column_width_percent=&#8221;100&#8243; position_vertical=&#8221;middle&#8221; align_horizontal=&#8221;align_center&#8221; gutter_size=&#8221;4&#8243; style=&#8221;dark&#8221; overlay_alpha=&#8221;50&#8243; shift_x=&#8221;0&#8243; shift_y=&#8221;0&#8243; shift_y_down=&#8221;0&#8243; z_index=&#8221;0&#8243; medium_width=&#8221;0&#8243; mobile_width=&#8221;0&#8243; width=&#8221;1\/1&#8243; uncode_shortcode_id=&#8221;147115&#8243;][vc_custom_heading heading_semantic=&#8221;h1&#8243; text_size=&#8221;custom&#8221; text_weight=&#8221;300&#8243; uncode_shortcode_id=&#8221;922154&#8243; heading_custom_size=&#8221;clamp(35px, 5vw, 70px)&#8221;]Sound Ecology\u00a0\u2013 Partnering your ecological and innovative projects[\/vc_custom_heading][vc_icon icon=&#8221;fa fa-arrow-down4&#8243; background_style=&#8221;fa-rounded&#8221; size=&#8221;fa-2x&#8221; outline=&#8221;yes&#8221; uncode_shortcode_id=&#8221;104466&#8243; link=&#8221;url:%23intro&#8221;][\/vc_icon][vc_empty_space empty_h=&#8221;3&#8243;][\/vc_column][\/vc_row][vc_row][vc_column][vc_column_text]<\/p>\n<p>[\/vc_column_text][\/vc_column][\/vc_row][vc_row unlock_row_content=&#8221;yes&#8221; row_height_percent=&#8221;0&#8243; override_padding=&#8221;yes&#8221; h_padding=&#8221;7&#8243; top_padding=&#8221;5&#8243; bottom_padding=&#8221;3&#8243; overlay_alpha=&#8221;50&#8243; gutter_size=&#8221;3&#8243; column_width_percent=&#8221;100&#8243; shift_y=&#8221;0&#8243; z_index=&#8221;0&#8243; content_parallax=&#8221;0&#8243; uncode_shortcode_id=&#8221;877736&#8243; row_name=&#8221;intro&#8221;][vc_column column_width_percent=&#8221;100&#8243; gutter_size=&#8221;4&#8243; overlay_alpha=&#8221;50&#8243; shift_x=&#8221;0&#8243; shift_y=&#8221;0&#8243; shift_y_down=&#8221;0&#8243; z_index=&#8221;0&#8243; medium_width=&#8221;0&#8243; mobile_width=&#8221;0&#8243; width=&#8221;1\/1&#8243; uncode_shortcode_id=&#8221;730276&#8243;][vc_row_inner row_inner_height_percent=&#8221;0&#8243; overlay_alpha=&#8221;50&#8243; gutter_size=&#8221;4&#8243; shift_y=&#8221;0&#8243; z_index=&#8221;0&#8243; limit_content=&#8221;&#8221; uncode_shortcode_id=&#8221;177417&#8243;][vc_column_inner width=&#8221;1\/1&#8243;][vc_custom_heading text_size=&#8221;h5&#8243; text_weight=&#8221;500&#8243; badge_style=&#8221;yes&#8221; radius=&#8221;xl&#8221; uncode_shortcode_id=&#8221;463110&#8243; text_color_type=&#8221;uncode-solid&#8221; text_color_solid=&#8221;#0c4f48&#8243; back_color_type=&#8221;uncode-solid&#8221; back_color_solid=&#8221;#e7f0e7&#8243;]<span class=\"text-accent-color\">\u25cf<\/span> Our Projects[\/vc_custom_heading][vc_custom_heading heading_semantic=&#8221;h6&#8243; text_size=&#8221;custom&#8221; text_weight=&#8221;300&#8243; uncode_shortcode_id=&#8221;184713&#8243; heading_custom_size=&#8221;clamp(24px,5vw,35px)&#8221;]For 13 years, Sound Ecology has executed sustainable projects across Luxembourg and continues its commitment through ongoing innovative initiatives. Discover our achievements here and see how, together, we contribute to a healthier, more sustainable environment for everyone.[\/vc_custom_heading][\/vc_column_inner][\/vc_row_inner][\/vc_column][\/vc_row][vc_row][vc_column][vc_column_text]<\/p>\n<p>[\/vc_column_text][\/vc_column][\/vc_row][vc_row unlock_row_content=&#8221;yes&#8221; row_height_percent=&#8221;0&#8243; override_padding=&#8221;yes&#8221; h_padding=&#8221;4&#8243; top_padding=&#8221;4&#8243; bottom_padding=&#8221;4&#8243; back_color=&#8221;color-611883&#8243; overlay_alpha=&#8221;50&#8243; gutter_size=&#8221;2&#8243; column_width_percent=&#8221;100&#8243; shift_y=&#8221;0&#8243; z_index=&#8221;0&#8243; content_parallax=&#8221;0&#8243; uncode_shortcode_id=&#8221;309045&#8243; back_color_type=&#8221;uncode-palette&#8221;][vc_column column_width_percent=&#8221;100&#8243; gutter_size=&#8221;4&#8243; style=&#8221;dark&#8221; overlay_alpha=&#8221;50&#8243; shift_x=&#8221;0&#8243; shift_y=&#8221;0&#8243; shift_y_down=&#8221;0&#8243; z_index=&#8221;0&#8243; medium_width=&#8221;0&#8243; mobile_width=&#8221;0&#8243; width=&#8221;1\/1&#8243; uncode_shortcode_id=&#8221;760254&#8243;][uncode_index el_id=&#8221;index-819533283&#8243; index_type=&#8221;css_grid&#8221; loop=&#8221;size:All|order_by:menu_order|post_type:portfolio|taxonomy_count:10&#8243; grid_items=&#8221;3&#8243; screen_lg_items=&#8221;3&#8243; screen_lg_breakpoint=&#8221;1000&#8243; screen_md_items=&#8221;2&#8243; screen_md_breakpoint=&#8221;600&#8243; screen_sm_items=&#8221;1&#8243; screen_sm_breakpoint=&#8221;480&#8243; filtering=&#8221;yes&#8221; filter_typography=&#8221;inherit&#8221; filtering_uppercase=&#8221;yes&#8221; filtering_full_width=&#8221;yes&#8221; filter_mobile=&#8221;yes&#8221; filter_all_opposite=&#8221;yes&#8221; gutter_size=&#8221;3&#8243; post_items=&#8221;media|featured|onpost|poster,date,title,text|excerpt|90,category|bordered|topright|hide-icon&#8221; portfolio_items=&#8221;media|featured|nolink|original,category|colorbg|topright|display-icon,title,detail-193523&#8243; single_text=&#8221;overlay&#8221; css_grid_images_size=&#8221;four-three&#8221; single_shape=&#8221;round&#8221; radius=&#8221;lg&#8221; single_overlay_color=&#8221;color-jevc&#8221; single_overlay_coloration=&#8221;bottom_gradient&#8221; single_overlay_opacity=&#8221;80&#8243; single_overlay_visible=&#8221;yes&#8221; single_overlay_anim=&#8221;no&#8221; single_text_visible=&#8221;yes&#8221; single_text_anim=&#8221;no&#8221; single_image_anim=&#8221;no&#8221; single_v_position=&#8221;bottom&#8221; single_padding=&#8221;1&#8243; single_text_reduced=&#8221;yes&#8221; single_title_dimension=&#8221;h3&#8243; single_border=&#8221;yes&#8221; single_css_animation=&#8221;bottom-t-top&#8221; single_animation_delay=&#8221;200&#8243; custom_order=&#8221;yes&#8221; uncode_shortcode_id=&#8221;156518&#8243; order_ids=&#8221;145114,145390,145393,145395,145397,145399,145402,145404,145406,145408,145410&#8243; filter_all_text=&#8221;VIEW ALL&#8221;][\/vc_column][\/vc_row][vc_row][vc_column][vc_column_text]<\/p>\n<p>[\/vc_column_text][\/vc_column][\/vc_row][vc_row][vc_column width=&#8221;1\/1&#8243;][\/vc_column][\/vc_row][vc_row][vc_column][vc_column_text]<\/p>\n<p>[\/vc_column_text][\/vc_column][\/vc_row][vc_row row_height_percent=&#8221;80&#8243; back_image=&#8221;145950&#8243; back_position=&#8221;center bottom&#8221; parallax=&#8221;yes&#8221; overlay_alpha=&#8221;50&#8243; overlay_color_blend=&#8221;multiply&#8221; gutter_size=&#8221;2&#8243; column_width_percent=&#8221;100&#8243; shift_y=&#8221;0&#8243; z_index=&#8221;0&#8243; top_divider=&#8221;gradient-soft&#8221; bottom_divider=&#8221;gradient&#8221; css_animation=&#8221;scroll-trigger&#8221; animation_target=&#8221;mask&#8221; animation_origin=&#8221;bottom center&#8221; animation_mask_val=&#8221;85&#8243; animation_opacity=&#8221;100&#8243; animation_blur=&#8221;0&#8243; animation_offset_top=&#8221;100&#8243; animation_offset_bottom=&#8221;0&#8243; content_parallax=&#8221;0&#8243; uncode_shortcode_id=&#8221;726107&#8243; overlay_color_type=&#8221;uncode-solid&#8221; overlay_color_solid=&#8221;#0c4f48&#8243; animation_radius=&#8221;27px&#8221;][vc_column column_width_use_pixel=&#8221;yes&#8221; position_vertical=&#8221;middle&#8221; align_horizontal=&#8221;align_center&#8221; gutter_size=&#8221;3&#8243; style=&#8221;dark&#8221; overlay_alpha=&#8221;50&#8243; shift_x=&#8221;0&#8243; shift_y=&#8221;0&#8243; shift_y_down=&#8221;0&#8243; z_index=&#8221;0&#8243; medium_width=&#8221;0&#8243; mobile_width=&#8221;0&#8243; width=&#8221;1\/1&#8243; uncode_shortcode_id=&#8221;371959&#8243; column_width_pixel=&#8221;1000&#8243; mobile_height=&#8221;70vh&#8221;][vc_row_inner row_inner_height_percent=&#8221;0&#8243; overlay_alpha=&#8221;50&#8243; gutter_size=&#8221;2&#8243; shift_y=&#8221;0&#8243; z_index=&#8221;0&#8243; limit_content=&#8221;&#8221; uncode_shortcode_id=&#8221;209343&#8243;][vc_column_inner column_width_percent=&#8221;100&#8243; position_vertical=&#8221;middle&#8221; align_horizontal=&#8221;align_center&#8221; gutter_size=&#8221;3&#8243; style=&#8221;dark&#8221; overlay_alpha=&#8221;50&#8243; shift_x=&#8221;0&#8243; shift_y=&#8221;0&#8243; shift_y_down=&#8221;0&#8243; z_index=&#8221;0&#8243; medium_width=&#8221;0&#8243; mobile_width=&#8221;0&#8243; css_animation=&#8221;alpha-anim&#8221; animation_speed=&#8221;1600&#8243; width=&#8221;1\/1&#8243; uncode_shortcode_id=&#8221;118480&#8243;][vc_custom_heading text_size=&#8221;custom&#8221; text_weight=&#8221;300&#8243; uncode_shortcode_id=&#8221;374403&#8243; heading_custom_size=&#8221;clamp(35px, 5vw, 70px)&#8221;]Need our services or advice for your projects?[\/vc_custom_heading][vc_button size=&#8221;btn-xl&#8221; radius=&#8221;btn-circle&#8221; outline=&#8221;yes&#8221; custom_typo=&#8221;yes&#8221; font_family=&#8221;font-555555&#8243; font_weight=&#8221;500&#8243; border_width=&#8221;0&#8243; icon_position=&#8221;right&#8221; scale_mobile=&#8221;no&#8221; uncode_shortcode_id=&#8221;422890&#8243; icon=&#8221;fa fa-arrow-right2&#8243; link=&#8221;url:https%3A%2F%2Fwww.sound-ecology.com%2Fcontact%2F|title:Contact us&#8221;]Contact us[\/vc_button][\/vc_column_inner][\/vc_row_inner][\/vc_column][\/vc_row][vc_row row_height_percent=&#8221;0&#8243; override_padding=&#8221;yes&#8221; h_padding=&#8221;2&#8243; top_padding=&#8221;4&#8243; bottom_padding=&#8221;4&#8243; overlay_alpha=&#8221;50&#8243; gutter_size=&#8221;3&#8243; column_width_percent=&#8221;100&#8243; shift_y=&#8221;0&#8243; z_index=&#8221;0&#8243; css_animation=&#8221;scroll-trigger&#8221; animation_scale_val=&#8221;100&#8243; animation_opacity=&#8221;100&#8243; animation_x=&#8221;-35&#8243; animation_y=&#8221;0&#8243; animation_blur=&#8221;0&#8243; animation_rotate=&#8221;0&#8243; animation_perspective=&#8221;0&#8243; animation_offset_top=&#8221;100&#8243; animation_offset_bottom=&#8221;200&#8243; content_parallax=&#8221;0&#8243; uncode_shortcode_id=&#8221;168477&#8243;][vc_column column_width_percent=&#8221;100&#8243; position_vertical=&#8221;middle&#8221; align_horizontal=&#8221;align_center&#8221; gutter_size=&#8221;4&#8243; overlay_alpha=&#8221;50&#8243; shift_x=&#8221;0&#8243; shift_y=&#8221;0&#8243; shift_y_down=&#8221;0&#8243; z_index=&#8221;0&#8243; medium_width=&#8221;0&#8243; mobile_width=&#8221;0&#8243; width=&#8221;1\/1&#8243; uncode_shortcode_id=&#8221;397149&#8243;][vc_gallery el_id=&#8221;gallery-186704&#8243; type=&#8221;carousel&#8221; medias=&#8221;145951,145950,145949,145948,145947&#8243; carousel_lg=&#8221;2&#8243; carousel_md=&#8221;2&#8243; carousel_sm=&#8221;1&#8243; thumb_size=&#8221;three-two&#8221; gutter_size=&#8221;2&#8243; media_items=&#8221;media|nolink|original,icon&#8221; carousel_interval=&#8221;0&#8243; carousel_navspeed=&#8221;400&#8243; carousel_loop=&#8221;yes&#8221; carousel_overflow=&#8221;yes&#8221; stage_padding=&#8221;0&#8243; single_shape=&#8221;round&#8221; radius=&#8221;lg&#8221; single_overlay_opacity=&#8221;50&#8243; single_overlay_anim=&#8221;no&#8221; single_text_anim=&#8221;no&#8221; single_image_anim=&#8221;no&#8221; single_padding=&#8221;2&#8243; single_border=&#8221;yes&#8221; custom_cursor=&#8221;blur&#8221; cursor_title=&#8221;yes&#8221; hide_cursor_bg=&#8221;yes&#8221; uncode_shortcode_id=&#8221;120164&#8243; custom_tooltip=&#8221;DRAG&#8221; tooltip_class=&#8221;h6 fontheight-357766 font-787672&#8243;][\/vc_column][\/vc_row]<\/p>\n<\/div>","protected":false},"excerpt":{"rendered":"<p>[vc_row row_height_percent=&#8221;75&#8243; override_padding=&#8221;yes&#8221; h_padding=&#8221;1&#8243; top_padding=&#8221;5&#8243; bottom_padding=&#8221;5&#8243; back_color=&#8221;color-nhtu&#8221; back_image=&#8221;145947&#8243; parallax=&#8221;yes&#8221; overlay_alpha=&#8221;85&#8243; overlay_color_blend=&#8221;multiply&#8221; gutter_size=&#8221;3&#8243; column_width_percent=&#8221;100&#8243; shift_y=&#8221;0&#8243; z_index=&#8221;0&#8243; bottom_divider=&#8221;step_2_3&#8243; content_parallax=&#8221;3&#8243; uncode_shortcode_id=&#8221;122979&#8243; back_color_type=&#8221;uncode-palette&#8221; el_class=&#8221;overflow-hidden&#8221; [&hellip;]<\/p>\n","protected":false},"author":1,"featured_media":0,"parent":0,"menu_order":0,"comment_status":"closed","ping_status":"closed","template":"","meta":{"footnotes":""},"class_list":["post-146933","page","type-page","status-publish","hentry"],"yoast_head":"<!-- This site is optimized with the Yoast SEO plugin v26.0 - https:\/\/yoast.com\/wordpress\/plugins\/seo\/ -->\n<title>Projects - Sound Ecology<\/title>\n<meta name=\"description\" content=\"Explorez nos projets men\u00e9s au Luxembourg, alliant expertise \u00e9cologique et solutions durables.\" \/>\n<meta name=\"robots\" content=\"index, follow, max-snippet:-1, max-image-preview:large, max-video-preview:-1\" \/>\n<link rel=\"canonical\" href=\"https:\/\/www.sound-ecology.com\/en\/projects\/\" \/>\n<meta property=\"og:locale\" content=\"en_US\" \/>\n<meta property=\"og:type\" content=\"article\" \/>\n<meta property=\"og:title\" content=\"Projects - Sound Ecology\" \/>\n<meta property=\"og:description\" content=\"Explorez nos projets men\u00e9s au Luxembourg, alliant expertise \u00e9cologique et solutions durables.\" \/>\n<meta property=\"og:url\" content=\"https:\/\/www.sound-ecology.com\/en\/projects\/\" \/>\n<meta property=\"og:site_name\" content=\"Sound Ecology\" \/>\n<meta property=\"article:modified_time\" content=\"2025-04-19T12:55:06+00:00\" \/>\n<meta name=\"twitter:card\" content=\"summary_large_image\" \/>\n<meta name=\"twitter:label1\" content=\"Est. reading time\" \/>\n\t<meta name=\"twitter:data1\" content=\"2 minutes\" \/>\n<script type=\"application\/ld+json\" class=\"yoast-schema-graph\">{\"@context\":\"https:\/\/schema.org\",\"@graph\":[{\"@type\":\"WebPage\",\"@id\":\"https:\/\/www.sound-ecology.com\/en\/projects\/\",\"url\":\"https:\/\/www.sound-ecology.com\/en\/projects\/\",\"name\":\"Projects - Sound Ecology\",\"isPartOf\":{\"@id\":\"https:\/\/www.sound-ecology.com\/en\/#website\"},\"datePublished\":\"2025-01-28T13:56:58+00:00\",\"dateModified\":\"2025-04-19T12:55:06+00:00\",\"description\":\"Explorez nos projets men\u00e9s au Luxembourg, alliant expertise \u00e9cologique et solutions durables.\",\"breadcrumb\":{\"@id\":\"https:\/\/www.sound-ecology.com\/en\/projects\/#breadcrumb\"},\"inLanguage\":\"en-US\",\"potentialAction\":[{\"@type\":\"ReadAction\",\"target\":[\"https:\/\/www.sound-ecology.com\/en\/projects\/\"]}]},{\"@type\":\"BreadcrumbList\",\"@id\":\"https:\/\/www.sound-ecology.com\/en\/projects\/#breadcrumb\",\"itemListElement\":[{\"@type\":\"ListItem\",\"position\":1,\"name\":\"Accueil\",\"item\":\"https:\/\/www.sound-ecology.com\/en\/\"},{\"@type\":\"ListItem\",\"position\":2,\"name\":\"Projects\"}]},{\"@type\":\"WebSite\",\"@id\":\"https:\/\/www.sound-ecology.com\/en\/#website\",\"url\":\"https:\/\/www.sound-ecology.com\/en\/\",\"name\":\"Sound Ecology\",\"description\":\"Biodiversit\u00e9 &amp; V\u00e9g\u00e9talisation durable\",\"publisher\":{\"@id\":\"https:\/\/www.sound-ecology.com\/en\/#organization\"},\"potentialAction\":[{\"@type\":\"SearchAction\",\"target\":{\"@type\":\"EntryPoint\",\"urlTemplate\":\"https:\/\/www.sound-ecology.com\/en\/?s={search_term_string}\"},\"query-input\":{\"@type\":\"PropertyValueSpecification\",\"valueRequired\":true,\"valueName\":\"search_term_string\"}}],\"inLanguage\":\"en-US\"},{\"@type\":\"Organization\",\"@id\":\"https:\/\/www.sound-ecology.com\/en\/#organization\",\"name\":\"Sound Ecology\",\"url\":\"https:\/\/www.sound-ecology.com\/en\/\",\"logo\":{\"@type\":\"ImageObject\",\"inLanguage\":\"en-US\",\"@id\":\"https:\/\/www.sound-ecology.com\/en\/#\/schema\/logo\/image\/\",\"url\":\"https:\/\/www.sound-ecology.com\/wp-content\/uploads\/2025\/02\/soundecology-logo-dark-1.svg\",\"contentUrl\":\"https:\/\/www.sound-ecology.com\/wp-content\/uploads\/2025\/02\/soundecology-logo-dark-1.svg\",\"width\":\"250\",\"height\":\"93\",\"caption\":\"Sound Ecology\"},\"image\":{\"@id\":\"https:\/\/www.sound-ecology.com\/en\/#\/schema\/logo\/image\/\"},\"sameAs\":[\"https:\/\/www.linkedin.com\/company\/soundecology\"]}]}<\/script>\n<!-- \/ Yoast SEO plugin. -->","yoast_head_json":{"title":"Projects - Sound Ecology","description":"Explorez nos projets men\u00e9s au Luxembourg, alliant expertise \u00e9cologique et solutions durables.","robots":{"index":"index","follow":"follow","max-snippet":"max-snippet:-1","max-image-preview":"max-image-preview:large","max-video-preview":"max-video-preview:-1"},"canonical":"https:\/\/www.sound-ecology.com\/en\/projects\/","og_locale":"en_US","og_type":"article","og_title":"Projects - Sound Ecology","og_description":"Explorez nos projets men\u00e9s au Luxembourg, alliant expertise \u00e9cologique et solutions durables.","og_url":"https:\/\/www.sound-ecology.com\/en\/projects\/","og_site_name":"Sound Ecology","article_modified_time":"2025-04-19T12:55:06+00:00","twitter_card":"summary_large_image","twitter_misc":{"Est. reading time":"2 minutes"},"schema":{"@context":"https:\/\/schema.org","@graph":[{"@type":"WebPage","@id":"https:\/\/www.sound-ecology.com\/en\/projects\/","url":"https:\/\/www.sound-ecology.com\/en\/projects\/","name":"Projects - Sound Ecology","isPartOf":{"@id":"https:\/\/www.sound-ecology.com\/en\/#website"},"datePublished":"2025-01-28T13:56:58+00:00","dateModified":"2025-04-19T12:55:06+00:00","description":"Explorez nos projets men\u00e9s au Luxembourg, alliant expertise \u00e9cologique et solutions durables.","breadcrumb":{"@id":"https:\/\/www.sound-ecology.com\/en\/projects\/#breadcrumb"},"inLanguage":"en-US","potentialAction":[{"@type":"ReadAction","target":["https:\/\/www.sound-ecology.com\/en\/projects\/"]}]},{"@type":"BreadcrumbList","@id":"https:\/\/www.sound-ecology.com\/en\/projects\/#breadcrumb","itemListElement":[{"@type":"ListItem","position":1,"name":"Accueil","item":"https:\/\/www.sound-ecology.com\/en\/"},{"@type":"ListItem","position":2,"name":"Projects"}]},{"@type":"WebSite","@id":"https:\/\/www.sound-ecology.com\/en\/#website","url":"https:\/\/www.sound-ecology.com\/en\/","name":"Sound Ecology","description":"Biodiversit\u00e9 &amp; V\u00e9g\u00e9talisation durable","publisher":{"@id":"https:\/\/www.sound-ecology.com\/en\/#organization"},"potentialAction":[{"@type":"SearchAction","target":{"@type":"EntryPoint","urlTemplate":"https:\/\/www.sound-ecology.com\/en\/?s={search_term_string}"},"query-input":{"@type":"PropertyValueSpecification","valueRequired":true,"valueName":"search_term_string"}}],"inLanguage":"en-US"},{"@type":"Organization","@id":"https:\/\/www.sound-ecology.com\/en\/#organization","name":"Sound Ecology","url":"https:\/\/www.sound-ecology.com\/en\/","logo":{"@type":"ImageObject","inLanguage":"en-US","@id":"https:\/\/www.sound-ecology.com\/en\/#\/schema\/logo\/image\/","url":"https:\/\/www.sound-ecology.com\/wp-content\/uploads\/2025\/02\/soundecology-logo-dark-1.svg","contentUrl":"https:\/\/www.sound-ecology.com\/wp-content\/uploads\/2025\/02\/soundecology-logo-dark-1.svg","width":"250","height":"93","caption":"Sound Ecology"},"image":{"@id":"https:\/\/www.sound-ecology.com\/en\/#\/schema\/logo\/image\/"},"sameAs":["https:\/\/www.linkedin.com\/company\/soundecology"]}]}},"_links":{"self":[{"href":"https:\/\/www.sound-ecology.com\/en\/wp-json\/wp\/v2\/pages\/146933","targetHints":{"allow":["GET"]}}],"collection":[{"href":"https:\/\/www.sound-ecology.com\/en\/wp-json\/wp\/v2\/pages"}],"about":[{"href":"https:\/\/www.sound-ecology.com\/en\/wp-json\/wp\/v2\/types\/page"}],"author":[{"embeddable":true,"href":"https:\/\/www.sound-ecology.com\/en\/wp-json\/wp\/v2\/users\/1"}],"replies":[{"embeddable":true,"href":"https:\/\/www.sound-ecology.com\/en\/wp-json\/wp\/v2\/comments?post=146933"}],"version-history":[{"count":7,"href":"https:\/\/www.sound-ecology.com\/en\/wp-json\/wp\/v2\/pages\/146933\/revisions"}],"predecessor-version":[{"id":147008,"href":"https:\/\/www.sound-ecology.com\/en\/wp-json\/wp\/v2\/pages\/146933\/revisions\/147008"}],"wp:attachment":[{"href":"https:\/\/www.sound-ecology.com\/en\/wp-json\/wp\/v2\/media?parent=146933"}],"curies":[{"name":"wp","href":"https:\/\/api.w.org\/{rel}","templated":true}]}}