{"id":146938,"date":"2025-02-02T15:31:45","date_gmt":"2025-02-02T14:31:45","guid":{"rendered":"https:\/\/www.sound-ecology.com\/publications\/"},"modified":"2025-10-04T16:32:47","modified_gmt":"2025-10-04T14:32:47","slug":"veroeffentlichungen","status":"publish","type":"page","link":"https:\/\/www.sound-ecology.com\/de\/veroeffentlichungen\/","title":{"rendered":"Ver\u00f6ffentlichungen"},"content":{"rendered":"<div class=\"wpb-content-wrapper\"><p>[vc_row row_height_percent=&#8220;75&#8243; override_padding=&#8220;yes&#8220; h_padding=&#8220;1&#8243; top_padding=&#8220;5&#8243; bottom_padding=&#8220;5&#8243; back_color=&#8220;color-nhtu&#8220; back_image=&#8220;146199&#8243; parallax=&#8220;yes&#8220; overlay_alpha=&#8220;85&#8243; overlay_color_blend=&#8220;multiply&#8220; gutter_size=&#8220;3&#8243; column_width_percent=&#8220;100&#8243; shift_y=&#8220;0&#8243; z_index=&#8220;0&#8243; bottom_divider=&#8220;step_2_3&#8243; content_parallax=&#8220;3&#8243; uncode_shortcode_id=&#8220;500705&#8243; back_color_type=&#8220;uncode-palette&#8220; el_class=&#8220;overflow-hidden&#8220; overlay_color_type=&#8220;uncode-solid&#8220; overlay_color_solid=&#8220;#0c4f48&#8243;][vc_column column_width_percent=&#8220;100&#8243; position_vertical=&#8220;middle&#8220; align_horizontal=&#8220;align_center&#8220; gutter_size=&#8220;4&#8243; override_padding=&#8220;yes&#8220; column_padding=&#8220;2&#8243; style=&#8220;dark&#8220; overlay_alpha=&#8220;50&#8243; shift_x=&#8220;0&#8243; shift_y=&#8220;0&#8243; shift_y_down=&#8220;0&#8243; z_index=&#8220;0&#8243; medium_width=&#8220;0&#8243; mobile_width=&#8220;0&#8243; width=&#8220;1\/1&#8243; uncode_shortcode_id=&#8220;174874&#8243;][vc_custom_heading heading_semantic=&#8220;h1&#8243; text_size=&#8220;custom&#8220; text_weight=&#8220;300&#8243; uncode_shortcode_id=&#8220;131998&#8243; heading_custom_size=&#8220;clamp(35px, 5vw, 70px)&#8220;]Sound Ecology dokumentiert und pr\u00e4sentiert die lokale Biodiversit\u00e4t durch seine Ver\u00f6ffentlichungen und praxisorientierten Leitf\u00e4den.[\/vc_custom_heading][vc_icon icon=&#8220;fa fa-arrow-down4&#8243; background_style=&#8220;fa-rounded&#8220; size=&#8220;fa-2x&#8220; outline=&#8220;yes&#8220; uncode_shortcode_id=&#8220;104466&#8243; link=&#8220;url:%23intro&#8220;][\/vc_icon][vc_empty_space empty_h=&#8220;3&#8243;][\/vc_column][\/vc_row][vc_row][vc_column][vc_column_text]<\/p>\n<p>[\/vc_column_text][\/vc_column][\/vc_row][vc_row unlock_row_content=&#8220;yes&#8220; row_height_percent=&#8220;0&#8243; override_padding=&#8220;yes&#8220; h_padding=&#8220;7&#8243; top_padding=&#8220;5&#8243; bottom_padding=&#8220;6&#8243; overlay_alpha=&#8220;50&#8243; gutter_size=&#8220;3&#8243; column_width_percent=&#8220;100&#8243; shift_y=&#8220;0&#8243; z_index=&#8220;0&#8243; content_parallax=&#8220;0&#8243; uncode_shortcode_id=&#8220;172794&#8243; row_name=&#8220;intro&#8220;][vc_column column_width_percent=&#8220;100&#8243; gutter_size=&#8220;4&#8243; overlay_alpha=&#8220;50&#8243; shift_x=&#8220;0&#8243; shift_y=&#8220;0&#8243; shift_y_down=&#8220;0&#8243; z_index=&#8220;0&#8243; medium_width=&#8220;0&#8243; mobile_width=&#8220;0&#8243; width=&#8220;1\/1&#8243; uncode_shortcode_id=&#8220;730276&#8243;][vc_row_inner row_inner_height_percent=&#8220;0&#8243; overlay_alpha=&#8220;50&#8243; gutter_size=&#8220;4&#8243; shift_y=&#8220;0&#8243; z_index=&#8220;0&#8243; limit_content=&#8220;&#8220; uncode_shortcode_id=&#8220;177417&#8243;][vc_column_inner width=&#8220;1\/1&#8243;][vc_custom_heading text_size=&#8220;h5&#8243; text_weight=&#8220;500&#8243; badge_style=&#8220;yes&#8220; radius=&#8220;xl&#8220; uncode_shortcode_id=&#8220;151500&#8243; text_color_type=&#8220;uncode-solid&#8220; text_color_solid=&#8220;#0c4f48&#8243; back_color_type=&#8220;uncode-solid&#8220; back_color_solid=&#8220;#e7f0e7&#8243;]<span class=\"text-accent-color\">\u25cf<\/span> Publikationen[\/vc_custom_heading][vc_custom_heading heading_semantic=&#8220;h6&#8243; text_size=&#8220;custom&#8220; text_weight=&#8220;300&#8243; uncode_shortcode_id=&#8220;698105&#8243; heading_custom_size=&#8220;clamp(24px,5vw,35px)&#8220; subheading=&#8220;Entdecken Sie unsere Arbeiten, um besser zu verstehen und zu handeln.&#8220;]Fachleute, Forscher oder Naturbegeisterte?[\/vc_custom_heading][\/vc_column_inner][\/vc_row_inner][vc_gallery el_id=&#8220;gallery-2093203&#8243; medias=&#8220;146720,146800,146802,146840,146842,146844,146902,146906,147241&#8243; gutter_size=&#8220;3&#8243; media_items=&#8220;media|lightbox|original&#8220; screen_lg=&#8220;1000&#8243; screen_md=&#8220;600&#8243; screen_sm=&#8220;480&#8243; single_overlay_opacity=&#8220;50&#8243; single_padding=&#8220;2&#8243; custom_cursor=&#8220;blur&#8220; uncode_shortcode_id=&#8220;186866&#8243;][\/vc_column][\/vc_row]<\/p>\n<\/div>","protected":false},"excerpt":{"rendered":"<p>[vc_row row_height_percent=&#8220;75&#8243; override_padding=&#8220;yes&#8220; h_padding=&#8220;1&#8243; top_padding=&#8220;5&#8243; bottom_padding=&#8220;5&#8243; back_color=&#8220;color-nhtu&#8220; back_image=&#8220;146199&#8243; parallax=&#8220;yes&#8220; overlay_alpha=&#8220;85&#8243; overlay_color_blend=&#8220;multiply&#8220; gutter_size=&#8220;3&#8243; column_width_percent=&#8220;100&#8243; shift_y=&#8220;0&#8243; z_index=&#8220;0&#8243; bottom_divider=&#8220;step_2_3&#8243; content_parallax=&#8220;3&#8243; uncode_shortcode_id=&#8220;500705&#8243; back_color_type=&#8220;uncode-palette&#8220; el_class=&#8220;overflow-hidden&#8220; [&hellip;]<\/p>\n","protected":false},"author":1,"featured_media":0,"parent":0,"menu_order":0,"comment_status":"closed","ping_status":"closed","template":"","meta":{"footnotes":""},"class_list":["post-146938","page","type-page","status-publish","hentry"],"yoast_head":"<!-- This site is optimized with the Yoast SEO plugin v26.0 - https:\/\/yoast.com\/wordpress\/plugins\/seo\/ -->\n<title>Ver\u00f6ffentlichungen - Sound Ecology<\/title>\n<meta name=\"description\" content=\"Acc\u00e9dez aux rapports et ressources produits par Sound Ecology autour de l\u2019\u00e9cologie, la biodiversit\u00e9 et la recherche environnementale.\" \/>\n<meta name=\"robots\" content=\"index, follow, max-snippet:-1, max-image-preview:large, max-video-preview:-1\" \/>\n<link rel=\"canonical\" href=\"https:\/\/www.sound-ecology.com\/de\/veroeffentlichungen\/\" \/>\n<meta property=\"og:locale\" content=\"de_DE\" \/>\n<meta property=\"og:type\" content=\"article\" \/>\n<meta property=\"og:title\" content=\"Ver\u00f6ffentlichungen - Sound Ecology\" \/>\n<meta property=\"og:description\" content=\"Acc\u00e9dez aux rapports et ressources produits par Sound Ecology autour de l\u2019\u00e9cologie, la biodiversit\u00e9 et la recherche environnementale.\" \/>\n<meta property=\"og:url\" content=\"https:\/\/www.sound-ecology.com\/de\/veroeffentlichungen\/\" \/>\n<meta property=\"og:site_name\" content=\"Sound Ecology\" \/>\n<meta property=\"article:modified_time\" content=\"2025-10-04T14:32:47+00:00\" \/>\n<meta name=\"twitter:card\" content=\"summary_large_image\" \/>\n<meta name=\"twitter:label1\" content=\"Gesch\u00e4tzte Lesezeit\" \/>\n\t<meta name=\"twitter:data1\" content=\"1\u00a0Minute\" \/>\n<script type=\"application\/ld+json\" class=\"yoast-schema-graph\">{\"@context\":\"https:\/\/schema.org\",\"@graph\":[{\"@type\":\"WebPage\",\"@id\":\"https:\/\/www.sound-ecology.com\/de\/veroeffentlichungen\/\",\"url\":\"https:\/\/www.sound-ecology.com\/de\/veroeffentlichungen\/\",\"name\":\"Ver\u00f6ffentlichungen - Sound Ecology\",\"isPartOf\":{\"@id\":\"https:\/\/www.sound-ecology.com\/de\/#website\"},\"datePublished\":\"2025-02-02T14:31:45+00:00\",\"dateModified\":\"2025-10-04T14:32:47+00:00\",\"description\":\"Acc\u00e9dez aux rapports et ressources produits par Sound Ecology autour de l\u2019\u00e9cologie, la biodiversit\u00e9 et la recherche environnementale.\",\"breadcrumb\":{\"@id\":\"https:\/\/www.sound-ecology.com\/de\/veroeffentlichungen\/#breadcrumb\"},\"inLanguage\":\"de\",\"potentialAction\":[{\"@type\":\"ReadAction\",\"target\":[\"https:\/\/www.sound-ecology.com\/de\/veroeffentlichungen\/\"]}]},{\"@type\":\"BreadcrumbList\",\"@id\":\"https:\/\/www.sound-ecology.com\/de\/veroeffentlichungen\/#breadcrumb\",\"itemListElement\":[{\"@type\":\"ListItem\",\"position\":1,\"name\":\"Accueil\",\"item\":\"https:\/\/www.sound-ecology.com\/de\/\"},{\"@type\":\"ListItem\",\"position\":2,\"name\":\"Ver\u00f6ffentlichungen\"}]},{\"@type\":\"WebSite\",\"@id\":\"https:\/\/www.sound-ecology.com\/de\/#website\",\"url\":\"https:\/\/www.sound-ecology.com\/de\/\",\"name\":\"Sound Ecology\",\"description\":\"Biodiversit\u00e9 &amp; V\u00e9g\u00e9talisation durable\",\"publisher\":{\"@id\":\"https:\/\/www.sound-ecology.com\/de\/#organization\"},\"potentialAction\":[{\"@type\":\"SearchAction\",\"target\":{\"@type\":\"EntryPoint\",\"urlTemplate\":\"https:\/\/www.sound-ecology.com\/de\/?s={search_term_string}\"},\"query-input\":{\"@type\":\"PropertyValueSpecification\",\"valueRequired\":true,\"valueName\":\"search_term_string\"}}],\"inLanguage\":\"de\"},{\"@type\":\"Organization\",\"@id\":\"https:\/\/www.sound-ecology.com\/de\/#organization\",\"name\":\"Sound Ecology\",\"url\":\"https:\/\/www.sound-ecology.com\/de\/\",\"logo\":{\"@type\":\"ImageObject\",\"inLanguage\":\"de\",\"@id\":\"https:\/\/www.sound-ecology.com\/de\/#\/schema\/logo\/image\/\",\"url\":\"https:\/\/www.sound-ecology.com\/wp-content\/uploads\/2025\/02\/soundecology-logo-dark-1.svg\",\"contentUrl\":\"https:\/\/www.sound-ecology.com\/wp-content\/uploads\/2025\/02\/soundecology-logo-dark-1.svg\",\"width\":\"250\",\"height\":\"93\",\"caption\":\"Sound Ecology\"},\"image\":{\"@id\":\"https:\/\/www.sound-ecology.com\/de\/#\/schema\/logo\/image\/\"},\"sameAs\":[\"https:\/\/www.linkedin.com\/company\/soundecology\"]}]}<\/script>\n<!-- \/ Yoast SEO plugin. -->","yoast_head_json":{"title":"Ver\u00f6ffentlichungen - Sound Ecology","description":"Acc\u00e9dez aux rapports et ressources produits par Sound Ecology autour de l\u2019\u00e9cologie, la biodiversit\u00e9 et la recherche environnementale.","robots":{"index":"index","follow":"follow","max-snippet":"max-snippet:-1","max-image-preview":"max-image-preview:large","max-video-preview":"max-video-preview:-1"},"canonical":"https:\/\/www.sound-ecology.com\/de\/veroeffentlichungen\/","og_locale":"de_DE","og_type":"article","og_title":"Ver\u00f6ffentlichungen - Sound Ecology","og_description":"Acc\u00e9dez aux rapports et ressources produits par Sound Ecology autour de l\u2019\u00e9cologie, la biodiversit\u00e9 et la recherche environnementale.","og_url":"https:\/\/www.sound-ecology.com\/de\/veroeffentlichungen\/","og_site_name":"Sound Ecology","article_modified_time":"2025-10-04T14:32:47+00:00","twitter_card":"summary_large_image","twitter_misc":{"Gesch\u00e4tzte Lesezeit":"1\u00a0Minute"},"schema":{"@context":"https:\/\/schema.org","@graph":[{"@type":"WebPage","@id":"https:\/\/www.sound-ecology.com\/de\/veroeffentlichungen\/","url":"https:\/\/www.sound-ecology.com\/de\/veroeffentlichungen\/","name":"Ver\u00f6ffentlichungen - Sound Ecology","isPartOf":{"@id":"https:\/\/www.sound-ecology.com\/de\/#website"},"datePublished":"2025-02-02T14:31:45+00:00","dateModified":"2025-10-04T14:32:47+00:00","description":"Acc\u00e9dez aux rapports et ressources produits par Sound Ecology autour de l\u2019\u00e9cologie, la biodiversit\u00e9 et la recherche environnementale.","breadcrumb":{"@id":"https:\/\/www.sound-ecology.com\/de\/veroeffentlichungen\/#breadcrumb"},"inLanguage":"de","potentialAction":[{"@type":"ReadAction","target":["https:\/\/www.sound-ecology.com\/de\/veroeffentlichungen\/"]}]},{"@type":"BreadcrumbList","@id":"https:\/\/www.sound-ecology.com\/de\/veroeffentlichungen\/#breadcrumb","itemListElement":[{"@type":"ListItem","position":1,"name":"Accueil","item":"https:\/\/www.sound-ecology.com\/de\/"},{"@type":"ListItem","position":2,"name":"Ver\u00f6ffentlichungen"}]},{"@type":"WebSite","@id":"https:\/\/www.sound-ecology.com\/de\/#website","url":"https:\/\/www.sound-ecology.com\/de\/","name":"Sound Ecology","description":"Biodiversit\u00e9 &amp; V\u00e9g\u00e9talisation durable","publisher":{"@id":"https:\/\/www.sound-ecology.com\/de\/#organization"},"potentialAction":[{"@type":"SearchAction","target":{"@type":"EntryPoint","urlTemplate":"https:\/\/www.sound-ecology.com\/de\/?s={search_term_string}"},"query-input":{"@type":"PropertyValueSpecification","valueRequired":true,"valueName":"search_term_string"}}],"inLanguage":"de"},{"@type":"Organization","@id":"https:\/\/www.sound-ecology.com\/de\/#organization","name":"Sound Ecology","url":"https:\/\/www.sound-ecology.com\/de\/","logo":{"@type":"ImageObject","inLanguage":"de","@id":"https:\/\/www.sound-ecology.com\/de\/#\/schema\/logo\/image\/","url":"https:\/\/www.sound-ecology.com\/wp-content\/uploads\/2025\/02\/soundecology-logo-dark-1.svg","contentUrl":"https:\/\/www.sound-ecology.com\/wp-content\/uploads\/2025\/02\/soundecology-logo-dark-1.svg","width":"250","height":"93","caption":"Sound Ecology"},"image":{"@id":"https:\/\/www.sound-ecology.com\/de\/#\/schema\/logo\/image\/"},"sameAs":["https:\/\/www.linkedin.com\/company\/soundecology"]}]}},"_links":{"self":[{"href":"https:\/\/www.sound-ecology.com\/de\/wp-json\/wp\/v2\/pages\/146938","targetHints":{"allow":["GET"]}}],"collection":[{"href":"https:\/\/www.sound-ecology.com\/de\/wp-json\/wp\/v2\/pages"}],"about":[{"href":"https:\/\/www.sound-ecology.com\/de\/wp-json\/wp\/v2\/types\/page"}],"author":[{"embeddable":true,"href":"https:\/\/www.sound-ecology.com\/de\/wp-json\/wp\/v2\/users\/1"}],"replies":[{"embeddable":true,"href":"https:\/\/www.sound-ecology.com\/de\/wp-json\/wp\/v2\/comments?post=146938"}],"version-history":[{"count":6,"href":"https:\/\/www.sound-ecology.com\/de\/wp-json\/wp\/v2\/pages\/146938\/revisions"}],"predecessor-version":[{"id":147434,"href":"https:\/\/www.sound-ecology.com\/de\/wp-json\/wp\/v2\/pages\/146938\/revisions\/147434"}],"wp:attachment":[{"href":"https:\/\/www.sound-ecology.com\/de\/wp-json\/wp\/v2\/media?parent=146938"}],"curies":[{"name":"wp","href":"https:\/\/api.w.org\/{rel}","templated":true}]}}