{"id":146930,"date":"2025-01-28T14:39:44","date_gmt":"2025-01-28T13:39:44","guid":{"rendered":"https:\/\/www.sound-ecology.com\/education-et-communication-scientifique\/"},"modified":"2025-10-04T16:27:48","modified_gmt":"2025-10-04T14:27:48","slug":"bildung-und-wissenschaftskommunikation","status":"publish","type":"page","link":"https:\/\/www.sound-ecology.com\/de\/bildung-und-wissenschaftskommunikation\/","title":{"rendered":"Bildung und Wissenschaftskommunikation"},"content":{"rendered":"<div class=\"wpb-content-wrapper\"><p>[vc_row row_height_percent=&#8220;75&#8243; override_padding=&#8220;yes&#8220; h_padding=&#8220;1&#8243; top_padding=&#8220;5&#8243; bottom_padding=&#8220;5&#8243; back_color=&#8220;color-nhtu&#8220; back_image=&#8220;146185&#8243; parallax=&#8220;yes&#8220; overlay_alpha=&#8220;85&#8243; overlay_color_blend=&#8220;multiply&#8220; gutter_size=&#8220;3&#8243; column_width_percent=&#8220;100&#8243; shift_y=&#8220;0&#8243; z_index=&#8220;0&#8243; bottom_divider=&#8220;step_2_3&#8243; content_parallax=&#8220;3&#8243; uncode_shortcode_id=&#8220;267840&#8243; back_color_type=&#8220;uncode-palette&#8220; el_class=&#8220;overflow-hidden&#8220; overlay_color_type=&#8220;uncode-solid&#8220; overlay_color_solid=&#8220;#0c4f48&#8243;][vc_column column_width_percent=&#8220;100&#8243; position_vertical=&#8220;middle&#8220; align_horizontal=&#8220;align_center&#8220; gutter_size=&#8220;4&#8243; override_padding=&#8220;yes&#8220; column_padding=&#8220;2&#8243; style=&#8220;dark&#8220; overlay_alpha=&#8220;50&#8243; shift_x=&#8220;0&#8243; shift_y=&#8220;0&#8243; shift_y_down=&#8220;0&#8243; z_index=&#8220;0&#8243; medium_width=&#8220;0&#8243; mobile_width=&#8220;0&#8243; width=&#8220;1\/1&#8243; uncode_shortcode_id=&#8220;744665&#8243;][vc_custom_heading heading_semantic=&#8220;h1&#8243; text_size=&#8220;custom&#8220; text_weight=&#8220;300&#8243; uncode_shortcode_id=&#8220;131371&#8243; heading_custom_size=&#8220;clamp(35px, 5vw, 70px)&#8220;]Sound Ecology\u00a0\u2013 Ausbildung und Sensibilisierung f\u00fcr eine gr\u00fcnere Zukunft[\/vc_custom_heading][vc_icon icon=&#8220;fa fa-arrow-down4&#8243; background_style=&#8220;fa-rounded&#8220; size=&#8220;fa-2x&#8220; outline=&#8220;yes&#8220; uncode_shortcode_id=&#8220;104466&#8243; link=&#8220;url:%23intro&#8220;][\/vc_icon][vc_empty_space empty_h=&#8220;3&#8243;][\/vc_column][\/vc_row][vc_row][vc_column][vc_column_text]<\/p>\n<p>[\/vc_column_text][\/vc_column][\/vc_row][vc_row unlock_row_content=&#8220;yes&#8220; row_height_percent=&#8220;0&#8243; override_padding=&#8220;yes&#8220; h_padding=&#8220;7&#8243; top_padding=&#8220;5&#8243; bottom_padding=&#8220;5&#8243; overlay_alpha=&#8220;50&#8243; gutter_size=&#8220;3&#8243; column_width_percent=&#8220;100&#8243; shift_y=&#8220;0&#8243; z_index=&#8220;0&#8243; content_parallax=&#8220;0&#8243; uncode_shortcode_id=&#8220;141733&#8243; row_name=&#8220;intro&#8220;][vc_column column_width_percent=&#8220;100&#8243; gutter_size=&#8220;4&#8243; overlay_alpha=&#8220;50&#8243; shift_x=&#8220;0&#8243; shift_y=&#8220;0&#8243; shift_y_down=&#8220;0&#8243; z_index=&#8220;0&#8243; medium_width=&#8220;0&#8243; mobile_width=&#8220;0&#8243; width=&#8220;1\/1&#8243; uncode_shortcode_id=&#8220;730276&#8243;][vc_row_inner row_inner_height_percent=&#8220;0&#8243; overlay_alpha=&#8220;50&#8243; gutter_size=&#8220;5&#8243; shift_y=&#8220;0&#8243; z_index=&#8220;0&#8243; limit_content=&#8220;&#8220; uncode_shortcode_id=&#8220;195968&#8243;][vc_column_inner column_width_percent=&#8220;100&#8243; gutter_size=&#8220;3&#8243; overlay_alpha=&#8220;50&#8243; shift_x=&#8220;0&#8243; shift_y=&#8220;0&#8243; shift_y_down=&#8220;0&#8243; z_index=&#8220;0&#8243; medium_visibility=&#8220;yes&#8220; medium_width=&#8220;0&#8243; mobile_width=&#8220;0&#8243; width=&#8220;8\/12&#8243; uncode_shortcode_id=&#8220;525692&#8243;][vc_custom_heading text_size=&#8220;h5&#8243; text_weight=&#8220;500&#8243; badge_style=&#8220;yes&#8220; radius=&#8220;xl&#8220; uncode_shortcode_id=&#8220;157350&#8243; text_color_type=&#8220;uncode-solid&#8220; text_color_solid=&#8220;#0c4f48&#8243; back_color_type=&#8220;uncode-solid&#8220; back_color_solid=&#8220;#e7f0e7&#8243;]<span class=\"text-accent-color\">\u25cf<\/span> Bildung und Wissenschaftskommunikation[\/vc_custom_heading][vc_custom_heading heading_semantic=&#8220;h6&#8243; text_size=&#8220;custom&#8220; text_weight=&#8220;300&#8243; uncode_shortcode_id=&#8220;692097&#8243; heading_custom_size=&#8220;clamp(24px,5vw,35px)&#8220;]Der Bildungs- und Kulturaspekt steht im Mittelpunkt unseres Engagements f\u00fcr nachhaltige Entwicklung. Wir bieten au\u00dferdem einen Veranstaltungskalender, um unsere Aktivit\u00e4ten und F\u00fchrungen zu verfolgen und ein besseres Verst\u00e4ndnis urbaner \u00d6kosysteme zu f\u00f6rdern.<br \/>\nUnsere Schulungen und Sensibilisierungsma\u00dfnahmen behandeln folgende Themen:[\/vc_custom_heading][uncode_list larger=&#8220;yes&#8220; icon=&#8220;fa fa-arrow-right2&#8243; icon_color=&#8220;color-jevc&#8220; uncode_shortcode_id=&#8220;547648&#8243; icon_color_type=&#8220;uncode-palette&#8220;]<\/p>\n<ul>\n<li>Bildung zur Biodiversit\u00e4t in st\u00e4dtischen und l\u00e4ndlichen R\u00e4umen, mit theoretischem und praktischem Teil f\u00fcr alle Altersgruppen<\/li>\n<li>Entdeckung von Pflanzen, V\u00f6geln, Insekten, Pilzen usw.<\/li>\n<li>Schulungen zur Begr\u00fcnung von Geb\u00e4uden<\/li>\n<li>F\u00f6rderung \u00f6kologischer Praktiken f\u00fcr alle durch einen spielerischen und kulturellen Ansatz<\/li>\n<\/ul>\n<p>[\/uncode_list][\/vc_column_inner][vc_column_inner column_width_percent=&#8220;100&#8243; gutter_size=&#8220;3&#8243; overlay_alpha=&#8220;50&#8243; shift_x=&#8220;0&#8243; shift_y=&#8220;0&#8243; shift_y_down=&#8220;0&#8243; z_index=&#8220;0&#8243; medium_width=&#8220;0&#8243; mobile_width=&#8220;0&#8243; width=&#8220;4\/12&#8243; uncode_shortcode_id=&#8220;149941&#8243;][vc_single_image media=&#8220;146830&#8243; media_width_percent=&#8220;100&#8243; media_ratio=&#8220;one-one&#8220; lbox_title=&#8220;yes&#8220; lbox_caption=&#8220;yes&#8220; media_half_padding=&#8220;&#8220; media_title_uppercase=&#8220;&#8220; media_title_bold=&#8220;&#8220; media_title_serif=&#8220;&#8220; media_no_background=&#8220;&#8220; media_shadow=&#8220;&#8220; media_border=&#8220;&#8220; media_link_large=&#8220;&#8220; media_link_target=&#8220;_self&#8220; media_link=&#8220;||&#8220; uncode_shortcode_id=&#8220;361193&#8243; el_class=&#8220;unmask-blob-2&#8243;][\/vc_column_inner][\/vc_row_inner][\/vc_column][\/vc_row][vc_row][vc_column][vc_column_text]<\/p>\n<p>[\/vc_column_text][\/vc_column][\/vc_row][vc_row unlock_row_content=&#8220;yes&#8220; row_height_percent=&#8220;0&#8243; override_padding=&#8220;yes&#8220; h_padding=&#8220;4&#8243; top_padding=&#8220;3&#8243; bottom_padding=&#8220;3&#8243; overlay_alpha=&#8220;50&#8243; gutter_size=&#8220;3&#8243; column_width_percent=&#8220;100&#8243; shift_y=&#8220;0&#8243; z_index=&#8220;0&#8243; content_parallax=&#8220;0&#8243; uncode_shortcode_id=&#8220;200162&#8243;][vc_column column_width_percent=&#8220;100&#8243; position_vertical=&#8220;middle&#8220; gutter_size=&#8220;3&#8243; override_padding=&#8220;yes&#8220; column_padding=&#8220;4&#8243; back_color=&#8220;color-101447&#8243; overlay_alpha=&#8220;100&#8243; radius=&#8220;hg&#8220; shift_x=&#8220;0&#8243; shift_y=&#8220;0&#8243; shift_y_down=&#8220;0&#8243; z_index=&#8220;0&#8243; medium_width=&#8220;0&#8243; mobile_width=&#8220;0&#8243; width=&#8220;1\/1&#8243; uncode_shortcode_id=&#8220;680263&#8243; back_color_type=&#8220;uncode-palette&#8220;][vc_row_inner row_inner_height_percent=&#8220;0&#8243; overlay_alpha=&#8220;50&#8243; gutter_size=&#8220;2&#8243; shift_y=&#8220;0&#8243; z_index=&#8220;0&#8243; limit_content=&#8220;&#8220; uncode_shortcode_id=&#8220;209343&#8243;][vc_column_inner column_width_percent=&#8220;100&#8243; position_vertical=&#8220;middle&#8220; gutter_size=&#8220;3&#8243; style=&#8220;dark&#8220; overlay_alpha=&#8220;50&#8243; shift_x=&#8220;0&#8243; shift_y=&#8220;0&#8243; shift_y_down=&#8220;0&#8243; z_index=&#8220;0&#8243; medium_width=&#8220;0&#8243; mobile_width=&#8220;0&#8243; css_animation=&#8220;alpha-anim&#8220; animation_speed=&#8220;1600&#8243; width=&#8220;2\/3&#8243; uncode_shortcode_id=&#8220;379588&#8243;][vc_single_image media=&#8220;146718&#8243; media_width_percent=&#8220;20&#8243; uncode_shortcode_id=&#8220;122289&#8243;][vc_custom_heading text_size=&#8220;h1&#8243; uncode_shortcode_id=&#8220;121692&#8243;]Im Jahr\u00a02025 nehmen wir an der LUGA\u00a0\u2013 Luxembourg Urban Garden Art teil.[\/vc_custom_heading][vc_custom_heading heading_semantic=&#8220;h3&#8243; text_size=&#8220;h3&#8243; uncode_shortcode_id=&#8220;135280&#8243;]Vom\u00a07.\u00a0Mai bis\u00a025.\u00a0Oktober\u00a02025 entdecken Sie die Open\u2011Air-Pop\u2011up-Ausstellung in Luxemburg: Stadtg\u00e4rten, Landschafts\u2011 und Kunstinstallationen, landwirtschaftliche Projekte und Lebensr\u00e4ume![\/vc_custom_heading][vc_button size=&#8220;btn-lg&#8220; custom_typo=&#8220;yes&#8220; font_family=&#8220;font-555555&#8243; font_weight=&#8220;600&#8243; border_width=&#8220;0&#8243; icon_position=&#8220;right&#8220; scale_mobile=&#8220;no&#8220; uncode_shortcode_id=&#8220;602858&#8243; icon=&#8220;fa fa-arrow-right4&#8243; link=&#8220;url:https%3A%2F%2Fluga.lu%2Ffr%2Fnos-evenements%2F|title:Offizielles Programm&#8220;]Offizielles\u00a0Programm[\/vc_button][\/vc_column_inner][vc_column_inner column_width_percent=&#8220;100&#8243; gutter_size=&#8220;3&#8243; back_color=&#8220;color-xsdn&#8220; overlay_alpha=&#8220;50&#8243; shift_x=&#8220;0&#8243; shift_y=&#8220;0&#8243; shift_y_down=&#8220;0&#8243; z_index=&#8220;0&#8243; medium_width=&#8220;0&#8243; mobile_width=&#8220;0&#8243; css_animation=&#8220;alpha-anim&#8220; animation_speed=&#8220;1800&#8243; width=&#8220;1\/3&#8243; uncode_shortcode_id=&#8220;671547&#8243; back_color_type=&#8220;uncode-palette&#8220;][vc_custom_heading heading_semantic=&#8220;h3&#8243; text_size=&#8220;h3&#8243; uncode_shortcode_id=&#8220;137924&#8243;]Wir organisieren gef\u00fchrte Touren zu Wildpflanzen und bemerkenswerten B\u00e4umen in urbanen R\u00e4umen. Diese Aktivit\u00e4ten helfen der \u00d6ffentlichkeit, die st\u00e4dtische Biodiversit\u00e4t besser zu verstehen und sich wieder mit der Natur in ihrer Umgebung zu verbinden.[\/vc_custom_heading][vc_button size=&#8220;btn-lg&#8220; custom_typo=&#8220;yes&#8220; font_family=&#8220;font-183433&#8243; font_weight=&#8220;600&#8243; border_width=&#8220;0&#8243; icon_position=&#8220;right&#8220; scale_mobile=&#8220;no&#8220; uncode_shortcode_id=&#8220;119878&#8243; icon=&#8220;fa fa-arrow-right4&#8243; link=&#8220;url:https%3A%2F%2Fluga.lu%2Ffr%2Fnos-evenements%2F|title:Unseren Kalender ansehen&#8220;]Unseren\u00a0Kalender\u00a0ansehen[\/vc_button][\/vc_column_inner][\/vc_row_inner][\/vc_column][\/vc_row][vc_row][vc_column][vc_column_text]<\/p>\n<p>[\/vc_column_text][\/vc_column][\/vc_row][vc_row][vc_column width=&#8220;1\/1&#8243;][\/vc_column][\/vc_row][vc_row][vc_column][vc_column_text]<\/p>\n<p>[\/vc_column_text][\/vc_column][\/vc_row][vc_row row_height_percent=&#8220;80&#8243; back_image=&#8220;145950&#8243; back_position=&#8220;center bottom&#8220; parallax=&#8220;yes&#8220; overlay_alpha=&#8220;50&#8243; overlay_color_blend=&#8220;multiply&#8220; gutter_size=&#8220;2&#8243; column_width_percent=&#8220;100&#8243; shift_y=&#8220;0&#8243; z_index=&#8220;0&#8243; top_divider=&#8220;gradient-soft&#8220; bottom_divider=&#8220;gradient&#8220; css_animation=&#8220;scroll-trigger&#8220; animation_target=&#8220;mask&#8220; animation_origin=&#8220;bottom center&#8220; animation_mask_val=&#8220;85&#8243; animation_opacity=&#8220;100&#8243; animation_blur=&#8220;0&#8243; animation_offset_top=&#8220;100&#8243; animation_offset_bottom=&#8220;0&#8243; content_parallax=&#8220;0&#8243; uncode_shortcode_id=&#8220;726107&#8243; overlay_color_type=&#8220;uncode-solid&#8220; overlay_color_solid=&#8220;#0c4f48&#8243; animation_radius=&#8220;27px&#8220;][vc_column column_width_use_pixel=&#8220;yes&#8220; position_vertical=&#8220;middle&#8220; align_horizontal=&#8220;align_center&#8220; gutter_size=&#8220;3&#8243; style=&#8220;dark&#8220; overlay_alpha=&#8220;50&#8243; shift_x=&#8220;0&#8243; shift_y=&#8220;0&#8243; shift_y_down=&#8220;0&#8243; z_index=&#8220;0&#8243; medium_width=&#8220;0&#8243; mobile_width=&#8220;0&#8243; width=&#8220;1\/1&#8243; uncode_shortcode_id=&#8220;371959&#8243; column_width_pixel=&#8220;1000&#8243; mobile_height=&#8220;70vh&#8220;][vc_row_inner row_inner_height_percent=&#8220;0&#8243; overlay_alpha=&#8220;50&#8243; gutter_size=&#8220;2&#8243; shift_y=&#8220;0&#8243; z_index=&#8220;0&#8243; limit_content=&#8220;&#8220; uncode_shortcode_id=&#8220;209343&#8243;][vc_column_inner column_width_percent=&#8220;100&#8243; position_vertical=&#8220;middle&#8220; align_horizontal=&#8220;align_center&#8220; gutter_size=&#8220;3&#8243; style=&#8220;dark&#8220; overlay_alpha=&#8220;50&#8243; shift_x=&#8220;0&#8243; shift_y=&#8220;0&#8243; shift_y_down=&#8220;0&#8243; z_index=&#8220;0&#8243; medium_width=&#8220;0&#8243; mobile_width=&#8220;0&#8243; css_animation=&#8220;alpha-anim&#8220; animation_speed=&#8220;1600&#8243; width=&#8220;1\/1&#8243; uncode_shortcode_id=&#8220;118480&#8243;][vc_custom_heading text_size=&#8220;custom&#8220; text_weight=&#8220;300&#8243; uncode_shortcode_id=&#8220;374403&#8243; heading_custom_size=&#8220;clamp(35px, 5vw, 70px)&#8220;]Ben\u00f6tigen Sie unsere Dienstleistungen oder Beratung f\u00fcr Ihre Projekte?[\/vc_custom_heading][vc_button size=&#8220;btn-xl&#8220; radius=&#8220;btn-circle&#8220; outline=&#8220;yes&#8220; custom_typo=&#8220;yes&#8220; font_family=&#8220;font-555555&#8243; font_weight=&#8220;500&#8243; border_width=&#8220;0&#8243; icon_position=&#8220;right&#8220; scale_mobile=&#8220;no&#8220; uncode_shortcode_id=&#8220;422890&#8243; icon=&#8220;fa fa-arrow-right2&#8243; link=&#8220;url:https%3A%2F%2Fwww.sound-ecology.com%2Fcontact%2F|title:Kontaktieren Sie uns&#8220;]Kontaktieren\u00a0Sie\u00a0uns[\/vc_button][\/vc_column_inner][\/vc_row_inner][\/vc_column][\/vc_row]<\/p>\n<\/div>","protected":false},"excerpt":{"rendered":"<p>[vc_row row_height_percent=&#8220;75&#8243; override_padding=&#8220;yes&#8220; h_padding=&#8220;1&#8243; top_padding=&#8220;5&#8243; bottom_padding=&#8220;5&#8243; back_color=&#8220;color-nhtu&#8220; back_image=&#8220;146185&#8243; parallax=&#8220;yes&#8220; overlay_alpha=&#8220;85&#8243; overlay_color_blend=&#8220;multiply&#8220; gutter_size=&#8220;3&#8243; column_width_percent=&#8220;100&#8243; shift_y=&#8220;0&#8243; z_index=&#8220;0&#8243; bottom_divider=&#8220;step_2_3&#8243; content_parallax=&#8220;3&#8243; uncode_shortcode_id=&#8220;267840&#8243; back_color_type=&#8220;uncode-palette&#8220; el_class=&#8220;overflow-hidden&#8220; [&hellip;]<\/p>\n","protected":false},"author":1,"featured_media":0,"parent":0,"menu_order":0,"comment_status":"closed","ping_status":"closed","template":"","meta":{"footnotes":""},"class_list":["post-146930","page","type-page","status-publish","hentry"],"yoast_head":"<!-- This site is optimized with the Yoast SEO plugin v26.0 - https:\/\/yoast.com\/wordpress\/plugins\/seo\/ -->\n<title>Bildung und Wissenschaftskommunikation - Sound Ecology<\/title>\n<meta name=\"description\" content=\"Programmes \u00e9ducatifs et outils de communication pour promouvoir la compr\u00e9hension de la biodiversit\u00e9.\" \/>\n<meta name=\"robots\" content=\"index, follow, max-snippet:-1, max-image-preview:large, max-video-preview:-1\" \/>\n<link rel=\"canonical\" href=\"https:\/\/www.sound-ecology.com\/de\/bildung-und-wissenschaftskommunikation\/\" \/>\n<meta property=\"og:locale\" content=\"de_DE\" \/>\n<meta property=\"og:type\" content=\"article\" \/>\n<meta property=\"og:title\" content=\"Bildung und Wissenschaftskommunikation - Sound Ecology\" \/>\n<meta property=\"og:description\" content=\"Programmes \u00e9ducatifs et outils de communication pour promouvoir la compr\u00e9hension de la biodiversit\u00e9.\" \/>\n<meta property=\"og:url\" content=\"https:\/\/www.sound-ecology.com\/de\/bildung-und-wissenschaftskommunikation\/\" \/>\n<meta property=\"og:site_name\" content=\"Sound Ecology\" \/>\n<meta property=\"article:modified_time\" content=\"2025-10-04T14:27:48+00:00\" \/>\n<meta name=\"twitter:card\" content=\"summary_large_image\" \/>\n<meta name=\"twitter:label1\" content=\"Gesch\u00e4tzte Lesezeit\" \/>\n\t<meta name=\"twitter:data1\" content=\"3\u00a0Minuten\" \/>\n<script type=\"application\/ld+json\" class=\"yoast-schema-graph\">{\"@context\":\"https:\/\/schema.org\",\"@graph\":[{\"@type\":\"WebPage\",\"@id\":\"https:\/\/www.sound-ecology.com\/de\/bildung-und-wissenschaftskommunikation\/\",\"url\":\"https:\/\/www.sound-ecology.com\/de\/bildung-und-wissenschaftskommunikation\/\",\"name\":\"Bildung und Wissenschaftskommunikation - Sound Ecology\",\"isPartOf\":{\"@id\":\"https:\/\/www.sound-ecology.com\/de\/#website\"},\"datePublished\":\"2025-01-28T13:39:44+00:00\",\"dateModified\":\"2025-10-04T14:27:48+00:00\",\"description\":\"Programmes \u00e9ducatifs et outils de communication pour promouvoir la compr\u00e9hension de la biodiversit\u00e9.\",\"breadcrumb\":{\"@id\":\"https:\/\/www.sound-ecology.com\/de\/bildung-und-wissenschaftskommunikation\/#breadcrumb\"},\"inLanguage\":\"de\",\"potentialAction\":[{\"@type\":\"ReadAction\",\"target\":[\"https:\/\/www.sound-ecology.com\/de\/bildung-und-wissenschaftskommunikation\/\"]}]},{\"@type\":\"BreadcrumbList\",\"@id\":\"https:\/\/www.sound-ecology.com\/de\/bildung-und-wissenschaftskommunikation\/#breadcrumb\",\"itemListElement\":[{\"@type\":\"ListItem\",\"position\":1,\"name\":\"Accueil\",\"item\":\"https:\/\/www.sound-ecology.com\/de\/\"},{\"@type\":\"ListItem\",\"position\":2,\"name\":\"Bildung und Wissenschaftskommunikation\"}]},{\"@type\":\"WebSite\",\"@id\":\"https:\/\/www.sound-ecology.com\/de\/#website\",\"url\":\"https:\/\/www.sound-ecology.com\/de\/\",\"name\":\"Sound Ecology\",\"description\":\"Biodiversit\u00e9 &amp; V\u00e9g\u00e9talisation durable\",\"publisher\":{\"@id\":\"https:\/\/www.sound-ecology.com\/de\/#organization\"},\"potentialAction\":[{\"@type\":\"SearchAction\",\"target\":{\"@type\":\"EntryPoint\",\"urlTemplate\":\"https:\/\/www.sound-ecology.com\/de\/?s={search_term_string}\"},\"query-input\":{\"@type\":\"PropertyValueSpecification\",\"valueRequired\":true,\"valueName\":\"search_term_string\"}}],\"inLanguage\":\"de\"},{\"@type\":\"Organization\",\"@id\":\"https:\/\/www.sound-ecology.com\/de\/#organization\",\"name\":\"Sound Ecology\",\"url\":\"https:\/\/www.sound-ecology.com\/de\/\",\"logo\":{\"@type\":\"ImageObject\",\"inLanguage\":\"de\",\"@id\":\"https:\/\/www.sound-ecology.com\/de\/#\/schema\/logo\/image\/\",\"url\":\"https:\/\/www.sound-ecology.com\/wp-content\/uploads\/2025\/02\/soundecology-logo-dark-1.svg\",\"contentUrl\":\"https:\/\/www.sound-ecology.com\/wp-content\/uploads\/2025\/02\/soundecology-logo-dark-1.svg\",\"width\":\"250\",\"height\":\"93\",\"caption\":\"Sound Ecology\"},\"image\":{\"@id\":\"https:\/\/www.sound-ecology.com\/de\/#\/schema\/logo\/image\/\"},\"sameAs\":[\"https:\/\/www.linkedin.com\/company\/soundecology\"]}]}<\/script>\n<!-- \/ Yoast SEO plugin. -->","yoast_head_json":{"title":"Bildung und Wissenschaftskommunikation - Sound Ecology","description":"Programmes \u00e9ducatifs et outils de communication pour promouvoir la compr\u00e9hension de la biodiversit\u00e9.","robots":{"index":"index","follow":"follow","max-snippet":"max-snippet:-1","max-image-preview":"max-image-preview:large","max-video-preview":"max-video-preview:-1"},"canonical":"https:\/\/www.sound-ecology.com\/de\/bildung-und-wissenschaftskommunikation\/","og_locale":"de_DE","og_type":"article","og_title":"Bildung und Wissenschaftskommunikation - Sound Ecology","og_description":"Programmes \u00e9ducatifs et outils de communication pour promouvoir la compr\u00e9hension de la biodiversit\u00e9.","og_url":"https:\/\/www.sound-ecology.com\/de\/bildung-und-wissenschaftskommunikation\/","og_site_name":"Sound Ecology","article_modified_time":"2025-10-04T14:27:48+00:00","twitter_card":"summary_large_image","twitter_misc":{"Gesch\u00e4tzte Lesezeit":"3\u00a0Minuten"},"schema":{"@context":"https:\/\/schema.org","@graph":[{"@type":"WebPage","@id":"https:\/\/www.sound-ecology.com\/de\/bildung-und-wissenschaftskommunikation\/","url":"https:\/\/www.sound-ecology.com\/de\/bildung-und-wissenschaftskommunikation\/","name":"Bildung und Wissenschaftskommunikation - Sound Ecology","isPartOf":{"@id":"https:\/\/www.sound-ecology.com\/de\/#website"},"datePublished":"2025-01-28T13:39:44+00:00","dateModified":"2025-10-04T14:27:48+00:00","description":"Programmes \u00e9ducatifs et outils de communication pour promouvoir la compr\u00e9hension de la biodiversit\u00e9.","breadcrumb":{"@id":"https:\/\/www.sound-ecology.com\/de\/bildung-und-wissenschaftskommunikation\/#breadcrumb"},"inLanguage":"de","potentialAction":[{"@type":"ReadAction","target":["https:\/\/www.sound-ecology.com\/de\/bildung-und-wissenschaftskommunikation\/"]}]},{"@type":"BreadcrumbList","@id":"https:\/\/www.sound-ecology.com\/de\/bildung-und-wissenschaftskommunikation\/#breadcrumb","itemListElement":[{"@type":"ListItem","position":1,"name":"Accueil","item":"https:\/\/www.sound-ecology.com\/de\/"},{"@type":"ListItem","position":2,"name":"Bildung und Wissenschaftskommunikation"}]},{"@type":"WebSite","@id":"https:\/\/www.sound-ecology.com\/de\/#website","url":"https:\/\/www.sound-ecology.com\/de\/","name":"Sound Ecology","description":"Biodiversit\u00e9 &amp; V\u00e9g\u00e9talisation durable","publisher":{"@id":"https:\/\/www.sound-ecology.com\/de\/#organization"},"potentialAction":[{"@type":"SearchAction","target":{"@type":"EntryPoint","urlTemplate":"https:\/\/www.sound-ecology.com\/de\/?s={search_term_string}"},"query-input":{"@type":"PropertyValueSpecification","valueRequired":true,"valueName":"search_term_string"}}],"inLanguage":"de"},{"@type":"Organization","@id":"https:\/\/www.sound-ecology.com\/de\/#organization","name":"Sound Ecology","url":"https:\/\/www.sound-ecology.com\/de\/","logo":{"@type":"ImageObject","inLanguage":"de","@id":"https:\/\/www.sound-ecology.com\/de\/#\/schema\/logo\/image\/","url":"https:\/\/www.sound-ecology.com\/wp-content\/uploads\/2025\/02\/soundecology-logo-dark-1.svg","contentUrl":"https:\/\/www.sound-ecology.com\/wp-content\/uploads\/2025\/02\/soundecology-logo-dark-1.svg","width":"250","height":"93","caption":"Sound Ecology"},"image":{"@id":"https:\/\/www.sound-ecology.com\/de\/#\/schema\/logo\/image\/"},"sameAs":["https:\/\/www.linkedin.com\/company\/soundecology"]}]}},"_links":{"self":[{"href":"https:\/\/www.sound-ecology.com\/de\/wp-json\/wp\/v2\/pages\/146930","targetHints":{"allow":["GET"]}}],"collection":[{"href":"https:\/\/www.sound-ecology.com\/de\/wp-json\/wp\/v2\/pages"}],"about":[{"href":"https:\/\/www.sound-ecology.com\/de\/wp-json\/wp\/v2\/types\/page"}],"author":[{"embeddable":true,"href":"https:\/\/www.sound-ecology.com\/de\/wp-json\/wp\/v2\/users\/1"}],"replies":[{"embeddable":true,"href":"https:\/\/www.sound-ecology.com\/de\/wp-json\/wp\/v2\/comments?post=146930"}],"version-history":[{"count":5,"href":"https:\/\/www.sound-ecology.com\/de\/wp-json\/wp\/v2\/pages\/146930\/revisions"}],"predecessor-version":[{"id":147423,"href":"https:\/\/www.sound-ecology.com\/de\/wp-json\/wp\/v2\/pages\/146930\/revisions\/147423"}],"wp:attachment":[{"href":"https:\/\/www.sound-ecology.com\/de\/wp-json\/wp\/v2\/media?parent=146930"}],"curies":[{"name":"wp","href":"https:\/\/api.w.org\/{rel}","templated":true}]}}