{"id":146926,"date":"2024-11-01T15:46:49","date_gmt":"2024-11-01T14:46:49","guid":{"rendered":"https:\/\/www.sound-ecology.com\/conseil-en-gestion-et-suivi-de-lenvironnement\/"},"modified":"2025-10-04T16:21:22","modified_gmt":"2025-10-04T14:21:22","slug":"beratung-in-umweltmanagement-und-ueberwachung","status":"publish","type":"page","link":"https:\/\/www.sound-ecology.com\/de\/beratung-in-umweltmanagement-und-ueberwachung\/","title":{"rendered":"Beratung in Umweltmanagement und -\u00fcberwachung"},"content":{"rendered":"<div class=\"wpb-content-wrapper\"><p>[vc_row row_height_percent=&#8220;75&#8243; override_padding=&#8220;yes&#8220; h_padding=&#8220;1&#8243; top_padding=&#8220;5&#8243; bottom_padding=&#8220;5&#8243; back_color=&#8220;color-nhtu&#8220; back_image=&#8220;146198&#8243; parallax=&#8220;yes&#8220; overlay_alpha=&#8220;85&#8243; overlay_color_blend=&#8220;multiply&#8220; gutter_size=&#8220;3&#8243; column_width_percent=&#8220;100&#8243; shift_y=&#8220;0&#8243; z_index=&#8220;0&#8243; bottom_divider=&#8220;step_2_3&#8243; content_parallax=&#8220;3&#8243; uncode_shortcode_id=&#8220;171912&#8243; back_color_type=&#8220;uncode-palette&#8220; el_class=&#8220;overflow-hidden&#8220; overlay_color_type=&#8220;uncode-solid&#8220; overlay_color_solid=&#8220;#0c4f48&#8243;][vc_column column_width_percent=&#8220;100&#8243; position_vertical=&#8220;middle&#8220; align_horizontal=&#8220;align_center&#8220; gutter_size=&#8220;4&#8243; override_padding=&#8220;yes&#8220; column_padding=&#8220;2&#8243; style=&#8220;dark&#8220; overlay_alpha=&#8220;50&#8243; shift_x=&#8220;0&#8243; shift_y=&#8220;0&#8243; shift_y_down=&#8220;0&#8243; z_index=&#8220;0&#8243; medium_width=&#8220;0&#8243; mobile_width=&#8220;0&#8243; width=&#8220;1\/1&#8243; uncode_shortcode_id=&#8220;157096&#8243;][vc_custom_heading heading_semantic=&#8220;h1&#8243; text_size=&#8220;custom&#8220; text_weight=&#8220;300&#8243; uncode_shortcode_id=&#8220;205997&#8243; heading_custom_size=&#8220;clamp(35px, 5vw, 70px)&#8220;]Sound Ecology \u2013 Experten, die Biodiversit\u00e4t in st\u00e4dtischen und l\u00e4ndlichen R\u00e4umen f\u00f6rdern.[\/vc_custom_heading][vc_icon icon=&#8220;fa fa-arrow-down4&#8243; background_style=&#8220;fa-rounded&#8220; size=&#8220;fa-2x&#8220; outline=&#8220;yes&#8220; uncode_shortcode_id=&#8220;104466&#8243; link=&#8220;url:%23intro&#8220;][\/vc_icon][vc_empty_space empty_h=&#8220;3&#8243;][\/vc_column][\/vc_row][vc_row][vc_column][vc_column_text]<\/p>\n<p>[\/vc_column_text][\/vc_column][\/vc_row][vc_row unlock_row_content=&#8220;yes&#8220; row_height_percent=&#8220;0&#8243; override_padding=&#8220;yes&#8220; h_padding=&#8220;7&#8243; top_padding=&#8220;5&#8243; bottom_padding=&#8220;5&#8243; overlay_alpha=&#8220;50&#8243; gutter_size=&#8220;3&#8243; column_width_percent=&#8220;100&#8243; shift_y=&#8220;0&#8243; z_index=&#8220;0&#8243; content_parallax=&#8220;0&#8243; uncode_shortcode_id=&#8220;141733&#8243; row_name=&#8220;intro&#8220;][vc_column column_width_percent=&#8220;100&#8243; gutter_size=&#8220;4&#8243; overlay_alpha=&#8220;50&#8243; shift_x=&#8220;0&#8243; shift_y=&#8220;0&#8243; shift_y_down=&#8220;0&#8243; z_index=&#8220;0&#8243; medium_width=&#8220;0&#8243; mobile_width=&#8220;0&#8243; width=&#8220;1\/1&#8243; uncode_shortcode_id=&#8220;730276&#8243;][vc_row_inner row_inner_height_percent=&#8220;0&#8243; overlay_alpha=&#8220;50&#8243; gutter_size=&#8220;5&#8243; shift_y=&#8220;0&#8243; z_index=&#8220;0&#8243; limit_content=&#8220;&#8220; uncode_shortcode_id=&#8220;195968&#8243;][vc_column_inner column_width_percent=&#8220;100&#8243; gutter_size=&#8220;3&#8243; overlay_alpha=&#8220;50&#8243; shift_x=&#8220;0&#8243; shift_y=&#8220;0&#8243; shift_y_down=&#8220;0&#8243; z_index=&#8220;0&#8243; medium_visibility=&#8220;yes&#8220; medium_width=&#8220;0&#8243; mobile_width=&#8220;0&#8243; width=&#8220;8\/12&#8243; uncode_shortcode_id=&#8220;525692&#8243;][vc_custom_heading text_size=&#8220;h5&#8243; text_weight=&#8220;500&#8243; badge_style=&#8220;yes&#8220; radius=&#8220;xl&#8220; uncode_shortcode_id=&#8220;173512&#8243; text_color_type=&#8220;uncode-solid&#8220; text_color_solid=&#8220;#0c4f48&#8243; back_color_type=&#8220;uncode-solid&#8220; back_color_solid=&#8220;#e7f0e7&#8243;]<span class=\"text-accent-color\">\u25cf<\/span> Beratung im Umweltmanagement und Monitoring[\/vc_custom_heading][vc_custom_heading heading_semantic=&#8220;h6&#8243; text_size=&#8220;custom&#8220; text_weight=&#8220;300&#8243; uncode_shortcode_id=&#8220;865379&#8243; heading_custom_size=&#8220;clamp(24px,5vw,35px)&#8220;]Wir bieten unsere Biodiversit\u00e4tsexpertise zur Begleitung Ihrer Projekte an. Unsere Leistungen umfassen:[\/vc_custom_heading][vc_custom_heading heading_semantic=&#8220;h3&#8243; text_size=&#8220;custom&#8220; text_weight=&#8220;300&#8243; sub_reduced=&#8220;yes&#8220; uncode_shortcode_id=&#8220;644622&#8243; heading_custom_size=&#8220;clamp(28px, 5vw, 35px)&#8220; subheading=&#8220;Bewertung und Kartierung nat\u00fcrlicher Ressourcen, einschlie\u00dflich nat\u00fcrlicher Quellen. Entwicklung ma\u00dfgeschneiderter Aktionspl\u00e4ne zum Erhalt der Biodiversit\u00e4t auf einem Gel\u00e4nde. Vorschl\u00e4ge und Empfehlungen zur F\u00f6rderung der Biodiversit\u00e4t auf Ihrem Gel\u00e4nde oder in Ihren Bauprojekten.&#8220;]\u00d6kologische Aufwertung und Managementpl\u00e4ne<\/p>\n<p>[\/vc_custom_heading][vc_custom_heading heading_semantic=&#8220;h3&#8243; text_size=&#8220;custom&#8220; text_weight=&#8220;300&#8243; sub_reduced=&#8220;yes&#8220; uncode_shortcode_id=&#8220;457922&#8243; heading_custom_size=&#8220;clamp(28px, 5vw, 35px)&#8220; subheading=&#8220;\u00dcberwachung der Biodiversit\u00e4t durch regelm\u00e4\u00dfige botanische und faunistische Erhebungen, mit Empfehlungen, die die Dynamik von \u00d6kosystemen ber\u00fccksichtigen.&#8220;]Biologisches Monitoring[\/vc_custom_heading][vc_custom_heading heading_semantic=&#8220;h3&#8243; text_size=&#8220;custom&#8220; text_weight=&#8220;300&#8243; sub_reduced=&#8220;yes&#8220; uncode_shortcode_id=&#8220;172660&#8243; heading_custom_size=&#8220;clamp(28px, 5vw, 35px)&#8220; subheading=&#8220;\u00d6kologische Bilanzierungen und Vorschl\u00e4ge f\u00fcr Ma\u00dfnahmen zur Minderung und \u00f6kologischen Kompensation bei Bauvorhaben.&#8220;]\u00d6kologische Gutachten<\/p>\n<p>[\/vc_custom_heading][vc_custom_heading heading_semantic=&#8220;h3&#8243; text_size=&#8220;custom&#8220; text_weight=&#8220;300&#8243; sub_reduced=&#8220;yes&#8220; uncode_shortcode_id=&#8220;186117&#8243; heading_custom_size=&#8220;clamp(28px, 5vw, 35px)&#8220; subheading=&#8220;Begleitung von Architekten bei Bauprojekten, insbesondere bei der Gestaltung von Gr\u00fcnfl\u00e4chen rund um Geb\u00e4ude sowie auf D\u00e4chern und Fassaden (Begr\u00fcnte D\u00e4cher, Fassadenbegr\u00fcnung, Lebensr\u00e4ume f\u00fcr Flora und Fauna).&#8220;]Architektonische Integration<\/p>\n<p>[\/vc_custom_heading][\/vc_column_inner][vc_column_inner column_width_percent=&#8220;100&#8243; gutter_size=&#8220;3&#8243; overlay_alpha=&#8220;50&#8243; shift_x=&#8220;0&#8243; shift_y=&#8220;0&#8243; shift_y_down=&#8220;0&#8243; z_index=&#8220;0&#8243; medium_width=&#8220;0&#8243; mobile_width=&#8220;0&#8243; width=&#8220;4\/12&#8243; uncode_shortcode_id=&#8220;149941&#8243;][vc_single_image media=&#8220;146830&#8243; media_width_percent=&#8220;100&#8243; media_ratio=&#8220;one-one&#8220; lbox_title=&#8220;yes&#8220; lbox_caption=&#8220;yes&#8220; media_half_padding=&#8220;&#8220; media_title_uppercase=&#8220;&#8220; media_title_bold=&#8220;&#8220; media_title_serif=&#8220;&#8220; media_no_background=&#8220;&#8220; media_shadow=&#8220;&#8220; media_border=&#8220;&#8220; media_link_large=&#8220;&#8220; media_link_target=&#8220;_self&#8220; media_link=&#8220;||&#8220; uncode_shortcode_id=&#8220;361193&#8243; el_class=&#8220;unmask-blob-2&#8243;][\/vc_column_inner][\/vc_row_inner][\/vc_column][\/vc_row][vc_row][vc_column][vc_column_text]<\/p>\n<p>[\/vc_column_text][\/vc_column][\/vc_row][vc_row unlock_row_content=&#8220;yes&#8220; row_height_percent=&#8220;0&#8243; override_padding=&#8220;yes&#8220; h_padding=&#8220;7&#8243; top_padding=&#8220;4&#8243; bottom_padding=&#8220;4&#8243; back_color=&#8220;color-611883&#8243; overlay_alpha=&#8220;50&#8243; gutter_size=&#8220;3&#8243; column_width_percent=&#8220;100&#8243; shift_y=&#8220;0&#8243; z_index=&#8220;0&#8243; content_parallax=&#8220;0&#8243; uncode_shortcode_id=&#8220;387836&#8243; row_name=&#8220;intro&#8220; back_color_type=&#8220;uncode-palette&#8220;][vc_column column_width_percent=&#8220;100&#8243; gutter_size=&#8220;4&#8243; overlay_alpha=&#8220;50&#8243; shift_x=&#8220;0&#8243; shift_y=&#8220;0&#8243; shift_y_down=&#8220;0&#8243; z_index=&#8220;0&#8243; medium_width=&#8220;0&#8243; mobile_width=&#8220;0&#8243; width=&#8220;1\/1&#8243; uncode_shortcode_id=&#8220;730276&#8243;][vc_custom_heading text_size=&#8220;h5&#8243; text_weight=&#8220;500&#8243; badge_style=&#8220;yes&#8220; back_color=&#8220;color-xsdn&#8220; radius=&#8220;xl&#8220; uncode_shortcode_id=&#8220;192514&#8243; text_color_type=&#8220;uncode-solid&#8220; text_color_solid=&#8220;#0c4f48&#8243; back_color_type=&#8220;uncode-palette&#8220;]<span class=\"text-accent-color\">\u25cf<\/span> Unsere Kooperationen[\/vc_custom_heading][uncode_index el_id=&#8220;index-8195332837&#8243; index_type=&#8220;css_grid&#8220; loop=&#8220;size:2|order_by:menu_order|post_type:portfolio|tax_query:73,69|taxonomy_count:10&#8243; grid_items=&#8220;2&#8243; screen_lg_items=&#8220;2&#8243; screen_lg_breakpoint=&#8220;1000&#8243; screen_md_items=&#8220;2&#8243; screen_md_breakpoint=&#8220;600&#8243; screen_sm_items=&#8220;1&#8243; screen_sm_breakpoint=&#8220;480&#8243; filter_all_opposite=&#8220;yes&#8220; gutter_size=&#8220;3&#8243; post_items=&#8220;media|featured|onpost|poster,date,title,text|excerpt|90,category|bordered|topright|hide-icon&#8220; portfolio_items=&#8220;media|featured|nolink|original,title,detail-193523&#8243; infinite=&#8220;yes&#8220; infinite_button=&#8220;yes&#8220; infinite_hover_fx=&#8220;outlined&#8220; infinite_button_outline=&#8220;yes&#8220; infinite_button_shape=&#8220;btn-circle&#8220; single_text=&#8220;overlay&#8220; css_grid_images_size=&#8220;four-three&#8220; single_shape=&#8220;round&#8220; radius=&#8220;lg&#8220; single_overlay_color=&#8220;color-167603&#8243; single_overlay_coloration=&#8220;bottom_gradient&#8220; single_overlay_blend=&#8220;multiply&#8220; single_overlay_opacity=&#8220;80&#8243; single_overlay_visible=&#8220;yes&#8220; single_overlay_anim=&#8220;no&#8220; single_text_visible=&#8220;yes&#8220; single_text_anim=&#8220;no&#8220; single_image_anim=&#8220;no&#8220; single_v_position=&#8220;bottom&#8220; single_padding=&#8220;1&#8243; single_text_reduced=&#8220;yes&#8220; single_title_dimension=&#8220;h3&#8243; single_border=&#8220;yes&#8220; single_css_animation=&#8220;bottom-t-top&#8220; single_animation_delay=&#8220;200&#8243; custom_order=&#8220;yes&#8220; uncode_shortcode_id=&#8220;447866&#8243; order_ids=&#8220;145114,145390,145393,145395,145397,145399,145402,145404,145406,145408,145410&#8243; infinite_button_text=&#8220;Mehr anzeigen&#8220;][\/vc_column][\/vc_row][vc_row][vc_column][vc_column_text]<\/p>\n<p>[\/vc_column_text][\/vc_column][\/vc_row][vc_row row_height_percent=&#8220;80&#8243; back_image=&#8220;145950&#8243; back_position=&#8220;center bottom&#8220; parallax=&#8220;yes&#8220; overlay_alpha=&#8220;50&#8243; overlay_color_blend=&#8220;multiply&#8220; gutter_size=&#8220;2&#8243; column_width_percent=&#8220;100&#8243; shift_y=&#8220;0&#8243; z_index=&#8220;0&#8243; top_divider=&#8220;gradient-soft&#8220; bottom_divider=&#8220;gradient&#8220; css_animation=&#8220;scroll-trigger&#8220; animation_target=&#8220;mask&#8220; animation_origin=&#8220;bottom center&#8220; animation_mask_val=&#8220;85&#8243; animation_opacity=&#8220;100&#8243; animation_blur=&#8220;0&#8243; animation_offset_top=&#8220;100&#8243; animation_offset_bottom=&#8220;0&#8243; content_parallax=&#8220;0&#8243; uncode_shortcode_id=&#8220;726107&#8243; overlay_color_type=&#8220;uncode-solid&#8220; overlay_color_solid=&#8220;#0c4f48&#8243; animation_radius=&#8220;27px&#8220;][vc_column column_width_use_pixel=&#8220;yes&#8220; position_vertical=&#8220;middle&#8220; align_horizontal=&#8220;align_center&#8220; gutter_size=&#8220;3&#8243; style=&#8220;dark&#8220; overlay_alpha=&#8220;50&#8243; shift_x=&#8220;0&#8243; shift_y=&#8220;0&#8243; shift_y_down=&#8220;0&#8243; z_index=&#8220;0&#8243; medium_width=&#8220;0&#8243; mobile_width=&#8220;0&#8243; width=&#8220;1\/1&#8243; uncode_shortcode_id=&#8220;371959&#8243; column_width_pixel=&#8220;1000&#8243; mobile_height=&#8220;70vh&#8220;][vc_row_inner row_inner_height_percent=&#8220;0&#8243; overlay_alpha=&#8220;50&#8243; gutter_size=&#8220;2&#8243; shift_y=&#8220;0&#8243; z_index=&#8220;0&#8243; limit_content=&#8220;&#8220; uncode_shortcode_id=&#8220;209343&#8243;][vc_column_inner column_width_percent=&#8220;100&#8243; position_vertical=&#8220;middle&#8220; align_horizontal=&#8220;align_center&#8220; gutter_size=&#8220;3&#8243; style=&#8220;dark&#8220; overlay_alpha=&#8220;50&#8243; shift_x=&#8220;0&#8243; shift_y=&#8220;0&#8243; shift_y_down=&#8220;0&#8243; z_index=&#8220;0&#8243; medium_width=&#8220;0&#8243; mobile_width=&#8220;0&#8243; css_animation=&#8220;alpha-anim&#8220; animation_speed=&#8220;1600&#8243; width=&#8220;1\/1&#8243; uncode_shortcode_id=&#8220;118480&#8243;][vc_custom_heading text_size=&#8220;custom&#8220; text_weight=&#8220;300&#8243; uncode_shortcode_id=&#8220;374403&#8243; heading_custom_size=&#8220;clamp(35px, 5vw, 70px)&#8220;]Ben\u00f6tigen Sie unsere Dienstleistungen oder Beratung f\u00fcr Ihre Projekte?[\/vc_custom_heading][vc_button size=&#8220;btn-xl&#8220; radius=&#8220;btn-circle&#8220; outline=&#8220;yes&#8220; custom_typo=&#8220;yes&#8220; font_family=&#8220;font-555555&#8243; font_weight=&#8220;500&#8243; border_width=&#8220;0&#8243; icon_position=&#8220;right&#8220; scale_mobile=&#8220;no&#8220; uncode_shortcode_id=&#8220;422890&#8243; icon=&#8220;fa fa-arrow-right2&#8243; link=&#8220;url:https%3A%2F%2Fwww.sound-ecology.com%2Fcontact%2F|title:Kontaktieren%20Sie%20uns&#8220;]Kontaktieren Sie uns[\/vc_button][\/vc_column_inner][\/vc_row_inner][\/vc_column][\/vc_row][vc_row][vc_column][vc_column_text]<\/p>\n<p>[\/vc_column_text][\/vc_column][\/vc_row][vc_row row_height_percent=&#8220;0&#8243; override_padding=&#8220;yes&#8220; h_padding=&#8220;2&#8243; top_padding=&#8220;4&#8243; bottom_padding=&#8220;4&#8243; overlay_alpha=&#8220;50&#8243; gutter_size=&#8220;3&#8243; column_width_percent=&#8220;100&#8243; shift_y=&#8220;0&#8243; z_index=&#8220;0&#8243; css_animation=&#8220;scroll-trigger&#8220; animation_scale_val=&#8220;100&#8243; animation_opacity=&#8220;100&#8243; animation_x=&#8220;-35&#8243; animation_y=&#8220;0&#8243; animation_blur=&#8220;0&#8243; animation_rotate=&#8220;0&#8243; animation_perspective=&#8220;0&#8243; animation_offset_top=&#8220;100&#8243; animation_offset_bottom=&#8220;200&#8243; content_parallax=&#8220;0&#8243; uncode_shortcode_id=&#8220;168477&#8243;][vc_column column_width_percent=&#8220;100&#8243; position_vertical=&#8220;middle&#8220; align_horizontal=&#8220;align_center&#8220; gutter_size=&#8220;4&#8243; overlay_alpha=&#8220;50&#8243; shift_x=&#8220;0&#8243; shift_y=&#8220;0&#8243; shift_y_down=&#8220;0&#8243; z_index=&#8220;0&#8243; medium_width=&#8220;0&#8243; mobile_width=&#8220;0&#8243; width=&#8220;1\/1&#8243; uncode_shortcode_id=&#8220;397149&#8243;][vc_gallery el_id=&#8220;gallery-186704&#8243; type=&#8220;carousel&#8220; medias=&#8220;146838,146836,146834,146832,146830&#8243; carousel_lg=&#8220;2&#8243; carousel_md=&#8220;2&#8243; carousel_sm=&#8220;1&#8243; thumb_size=&#8220;three-two&#8220; gutter_size=&#8220;2&#8243; media_items=&#8220;media|nolink|original,icon&#8220; carousel_interval=&#8220;0&#8243; carousel_navspeed=&#8220;400&#8243; carousel_loop=&#8220;yes&#8220; carousel_overflow=&#8220;yes&#8220; stage_padding=&#8220;0&#8243; single_shape=&#8220;round&#8220; radius=&#8220;lg&#8220; single_overlay_opacity=&#8220;50&#8243; single_overlay_anim=&#8220;no&#8220; single_text_anim=&#8220;no&#8220; single_image_anim=&#8220;no&#8220; single_padding=&#8220;2&#8243; single_border=&#8220;yes&#8220; custom_cursor=&#8220;blur&#8220; cursor_title=&#8220;yes&#8220; hide_cursor_bg=&#8220;yes&#8220; uncode_shortcode_id=&#8220;120164&#8243; custom_tooltip=&#8220;DRAG&#8220; tooltip_class=&#8220;h6 fontheight-357766 font-787672&#8243;][\/vc_column][\/vc_row]<\/p>\n<\/div>","protected":false},"excerpt":{"rendered":"<p>[vc_row row_height_percent=&#8220;75&#8243; override_padding=&#8220;yes&#8220; h_padding=&#8220;1&#8243; top_padding=&#8220;5&#8243; bottom_padding=&#8220;5&#8243; back_color=&#8220;color-nhtu&#8220; back_image=&#8220;146198&#8243; parallax=&#8220;yes&#8220; overlay_alpha=&#8220;85&#8243; overlay_color_blend=&#8220;multiply&#8220; gutter_size=&#8220;3&#8243; column_width_percent=&#8220;100&#8243; shift_y=&#8220;0&#8243; z_index=&#8220;0&#8243; bottom_divider=&#8220;step_2_3&#8243; content_parallax=&#8220;3&#8243; uncode_shortcode_id=&#8220;171912&#8243; back_color_type=&#8220;uncode-palette&#8220; el_class=&#8220;overflow-hidden&#8220; [&hellip;]<\/p>\n","protected":false},"author":1,"featured_media":0,"parent":0,"menu_order":0,"comment_status":"closed","ping_status":"closed","template":"","meta":{"footnotes":""},"class_list":["post-146926","page","type-page","status-publish","hentry"],"yoast_head":"<!-- This site is optimized with the Yoast SEO plugin v26.0 - https:\/\/yoast.com\/wordpress\/plugins\/seo\/ -->\n<title>Beratung in Umweltmanagement und -\u00fcberwachung - Sound Ecology<\/title>\n<meta name=\"description\" content=\"Accompagnement personnalis\u00e9 pour la gestion \u00e9cologique de vos espaces, avec des solutions adapt\u00e9es \u00e0 chaque projet.\" \/>\n<meta name=\"robots\" content=\"index, follow, max-snippet:-1, max-image-preview:large, max-video-preview:-1\" \/>\n<link rel=\"canonical\" href=\"https:\/\/www.sound-ecology.com\/de\/beratung-in-umweltmanagement-und-ueberwachung\/\" \/>\n<meta property=\"og:locale\" content=\"de_DE\" \/>\n<meta property=\"og:type\" content=\"article\" \/>\n<meta property=\"og:title\" content=\"Beratung in Umweltmanagement und -\u00fcberwachung - Sound Ecology\" \/>\n<meta property=\"og:description\" content=\"Accompagnement personnalis\u00e9 pour la gestion \u00e9cologique de vos espaces, avec des solutions adapt\u00e9es \u00e0 chaque projet.\" \/>\n<meta property=\"og:url\" content=\"https:\/\/www.sound-ecology.com\/de\/beratung-in-umweltmanagement-und-ueberwachung\/\" \/>\n<meta property=\"og:site_name\" content=\"Sound Ecology\" \/>\n<meta property=\"article:modified_time\" content=\"2025-10-04T14:21:22+00:00\" \/>\n<meta name=\"twitter:card\" content=\"summary_large_image\" \/>\n<meta name=\"twitter:label1\" content=\"Gesch\u00e4tzte Lesezeit\" \/>\n\t<meta name=\"twitter:data1\" content=\"3\u00a0Minuten\" \/>\n<script type=\"application\/ld+json\" class=\"yoast-schema-graph\">{\"@context\":\"https:\/\/schema.org\",\"@graph\":[{\"@type\":\"WebPage\",\"@id\":\"https:\/\/www.sound-ecology.com\/de\/beratung-in-umweltmanagement-und-ueberwachung\/\",\"url\":\"https:\/\/www.sound-ecology.com\/de\/beratung-in-umweltmanagement-und-ueberwachung\/\",\"name\":\"Beratung in Umweltmanagement und -\u00fcberwachung - Sound Ecology\",\"isPartOf\":{\"@id\":\"https:\/\/www.sound-ecology.com\/de\/#website\"},\"datePublished\":\"2024-11-01T14:46:49+00:00\",\"dateModified\":\"2025-10-04T14:21:22+00:00\",\"description\":\"Accompagnement personnalis\u00e9 pour la gestion \u00e9cologique de vos espaces, avec des solutions adapt\u00e9es \u00e0 chaque projet.\",\"breadcrumb\":{\"@id\":\"https:\/\/www.sound-ecology.com\/de\/beratung-in-umweltmanagement-und-ueberwachung\/#breadcrumb\"},\"inLanguage\":\"de\",\"potentialAction\":[{\"@type\":\"ReadAction\",\"target\":[\"https:\/\/www.sound-ecology.com\/de\/beratung-in-umweltmanagement-und-ueberwachung\/\"]}]},{\"@type\":\"BreadcrumbList\",\"@id\":\"https:\/\/www.sound-ecology.com\/de\/beratung-in-umweltmanagement-und-ueberwachung\/#breadcrumb\",\"itemListElement\":[{\"@type\":\"ListItem\",\"position\":1,\"name\":\"Accueil\",\"item\":\"https:\/\/www.sound-ecology.com\/de\/\"},{\"@type\":\"ListItem\",\"position\":2,\"name\":\"Beratung in Umweltmanagement und -\u00fcberwachung\"}]},{\"@type\":\"WebSite\",\"@id\":\"https:\/\/www.sound-ecology.com\/de\/#website\",\"url\":\"https:\/\/www.sound-ecology.com\/de\/\",\"name\":\"Sound Ecology\",\"description\":\"Biodiversit\u00e9 &amp; V\u00e9g\u00e9talisation durable\",\"publisher\":{\"@id\":\"https:\/\/www.sound-ecology.com\/de\/#organization\"},\"potentialAction\":[{\"@type\":\"SearchAction\",\"target\":{\"@type\":\"EntryPoint\",\"urlTemplate\":\"https:\/\/www.sound-ecology.com\/de\/?s={search_term_string}\"},\"query-input\":{\"@type\":\"PropertyValueSpecification\",\"valueRequired\":true,\"valueName\":\"search_term_string\"}}],\"inLanguage\":\"de\"},{\"@type\":\"Organization\",\"@id\":\"https:\/\/www.sound-ecology.com\/de\/#organization\",\"name\":\"Sound Ecology\",\"url\":\"https:\/\/www.sound-ecology.com\/de\/\",\"logo\":{\"@type\":\"ImageObject\",\"inLanguage\":\"de\",\"@id\":\"https:\/\/www.sound-ecology.com\/de\/#\/schema\/logo\/image\/\",\"url\":\"https:\/\/www.sound-ecology.com\/wp-content\/uploads\/2025\/02\/soundecology-logo-dark-1.svg\",\"contentUrl\":\"https:\/\/www.sound-ecology.com\/wp-content\/uploads\/2025\/02\/soundecology-logo-dark-1.svg\",\"width\":\"250\",\"height\":\"93\",\"caption\":\"Sound Ecology\"},\"image\":{\"@id\":\"https:\/\/www.sound-ecology.com\/de\/#\/schema\/logo\/image\/\"},\"sameAs\":[\"https:\/\/www.linkedin.com\/company\/soundecology\"]}]}<\/script>\n<!-- \/ Yoast SEO plugin. -->","yoast_head_json":{"title":"Beratung in Umweltmanagement und -\u00fcberwachung - Sound Ecology","description":"Accompagnement personnalis\u00e9 pour la gestion \u00e9cologique de vos espaces, avec des solutions adapt\u00e9es \u00e0 chaque projet.","robots":{"index":"index","follow":"follow","max-snippet":"max-snippet:-1","max-image-preview":"max-image-preview:large","max-video-preview":"max-video-preview:-1"},"canonical":"https:\/\/www.sound-ecology.com\/de\/beratung-in-umweltmanagement-und-ueberwachung\/","og_locale":"de_DE","og_type":"article","og_title":"Beratung in Umweltmanagement und -\u00fcberwachung - Sound Ecology","og_description":"Accompagnement personnalis\u00e9 pour la gestion \u00e9cologique de vos espaces, avec des solutions adapt\u00e9es \u00e0 chaque projet.","og_url":"https:\/\/www.sound-ecology.com\/de\/beratung-in-umweltmanagement-und-ueberwachung\/","og_site_name":"Sound Ecology","article_modified_time":"2025-10-04T14:21:22+00:00","twitter_card":"summary_large_image","twitter_misc":{"Gesch\u00e4tzte Lesezeit":"3\u00a0Minuten"},"schema":{"@context":"https:\/\/schema.org","@graph":[{"@type":"WebPage","@id":"https:\/\/www.sound-ecology.com\/de\/beratung-in-umweltmanagement-und-ueberwachung\/","url":"https:\/\/www.sound-ecology.com\/de\/beratung-in-umweltmanagement-und-ueberwachung\/","name":"Beratung in Umweltmanagement und -\u00fcberwachung - Sound Ecology","isPartOf":{"@id":"https:\/\/www.sound-ecology.com\/de\/#website"},"datePublished":"2024-11-01T14:46:49+00:00","dateModified":"2025-10-04T14:21:22+00:00","description":"Accompagnement personnalis\u00e9 pour la gestion \u00e9cologique de vos espaces, avec des solutions adapt\u00e9es \u00e0 chaque projet.","breadcrumb":{"@id":"https:\/\/www.sound-ecology.com\/de\/beratung-in-umweltmanagement-und-ueberwachung\/#breadcrumb"},"inLanguage":"de","potentialAction":[{"@type":"ReadAction","target":["https:\/\/www.sound-ecology.com\/de\/beratung-in-umweltmanagement-und-ueberwachung\/"]}]},{"@type":"BreadcrumbList","@id":"https:\/\/www.sound-ecology.com\/de\/beratung-in-umweltmanagement-und-ueberwachung\/#breadcrumb","itemListElement":[{"@type":"ListItem","position":1,"name":"Accueil","item":"https:\/\/www.sound-ecology.com\/de\/"},{"@type":"ListItem","position":2,"name":"Beratung in Umweltmanagement und -\u00fcberwachung"}]},{"@type":"WebSite","@id":"https:\/\/www.sound-ecology.com\/de\/#website","url":"https:\/\/www.sound-ecology.com\/de\/","name":"Sound Ecology","description":"Biodiversit\u00e9 &amp; V\u00e9g\u00e9talisation durable","publisher":{"@id":"https:\/\/www.sound-ecology.com\/de\/#organization"},"potentialAction":[{"@type":"SearchAction","target":{"@type":"EntryPoint","urlTemplate":"https:\/\/www.sound-ecology.com\/de\/?s={search_term_string}"},"query-input":{"@type":"PropertyValueSpecification","valueRequired":true,"valueName":"search_term_string"}}],"inLanguage":"de"},{"@type":"Organization","@id":"https:\/\/www.sound-ecology.com\/de\/#organization","name":"Sound Ecology","url":"https:\/\/www.sound-ecology.com\/de\/","logo":{"@type":"ImageObject","inLanguage":"de","@id":"https:\/\/www.sound-ecology.com\/de\/#\/schema\/logo\/image\/","url":"https:\/\/www.sound-ecology.com\/wp-content\/uploads\/2025\/02\/soundecology-logo-dark-1.svg","contentUrl":"https:\/\/www.sound-ecology.com\/wp-content\/uploads\/2025\/02\/soundecology-logo-dark-1.svg","width":"250","height":"93","caption":"Sound Ecology"},"image":{"@id":"https:\/\/www.sound-ecology.com\/de\/#\/schema\/logo\/image\/"},"sameAs":["https:\/\/www.linkedin.com\/company\/soundecology"]}]}},"_links":{"self":[{"href":"https:\/\/www.sound-ecology.com\/de\/wp-json\/wp\/v2\/pages\/146926","targetHints":{"allow":["GET"]}}],"collection":[{"href":"https:\/\/www.sound-ecology.com\/de\/wp-json\/wp\/v2\/pages"}],"about":[{"href":"https:\/\/www.sound-ecology.com\/de\/wp-json\/wp\/v2\/types\/page"}],"author":[{"embeddable":true,"href":"https:\/\/www.sound-ecology.com\/de\/wp-json\/wp\/v2\/users\/1"}],"replies":[{"embeddable":true,"href":"https:\/\/www.sound-ecology.com\/de\/wp-json\/wp\/v2\/comments?post=146926"}],"version-history":[{"count":6,"href":"https:\/\/www.sound-ecology.com\/de\/wp-json\/wp\/v2\/pages\/146926\/revisions"}],"predecessor-version":[{"id":147410,"href":"https:\/\/www.sound-ecology.com\/de\/wp-json\/wp\/v2\/pages\/146926\/revisions\/147410"}],"wp:attachment":[{"href":"https:\/\/www.sound-ecology.com\/de\/wp-json\/wp\/v2\/media?parent=146926"}],"curies":[{"name":"wp","href":"https:\/\/api.w.org\/{rel}","templated":true}]}}