{"id":146924,"date":"2024-10-17T10:52:52","date_gmt":"2024-10-17T08:52:52","guid":{"rendered":"https:\/\/www.sound-ecology.com\/actualites\/"},"modified":"2025-10-04T16:33:40","modified_gmt":"2025-10-04T14:33:40","slug":"nachrichten","status":"publish","type":"page","link":"https:\/\/www.sound-ecology.com\/de\/nachrichten\/","title":{"rendered":"Nachrichten"},"content":{"rendered":"<div class=\"wpb-content-wrapper\"><p>[vc_row row_height_percent=&#8220;75&#8243; override_padding=&#8220;yes&#8220; h_padding=&#8220;1&#8243; top_padding=&#8220;5&#8243; bottom_padding=&#8220;5&#8243; back_color=&#8220;color-nhtu&#8220; back_image=&#8220;146183&#8243; parallax=&#8220;yes&#8220; overlay_alpha=&#8220;85&#8243; overlay_color_blend=&#8220;multiply&#8220; gutter_size=&#8220;3&#8243; column_width_percent=&#8220;100&#8243; shift_y=&#8220;0&#8243; z_index=&#8220;0&#8243; bottom_divider=&#8220;step_2_3&#8243; content_parallax=&#8220;3&#8243; uncode_shortcode_id=&#8220;231039&#8243; back_color_type=&#8220;uncode-palette&#8220; el_class=&#8220;overflow-hidden&#8220; overlay_color_type=&#8220;uncode-solid&#8220; overlay_color_solid=&#8220;#0c4f48&#8243;][vc_column column_width_percent=&#8220;100&#8243; position_vertical=&#8220;middle&#8220; align_horizontal=&#8220;align_center&#8220; gutter_size=&#8220;4&#8243; override_padding=&#8220;yes&#8220; column_padding=&#8220;2&#8243; style=&#8220;dark&#8220; overlay_alpha=&#8220;50&#8243; shift_x=&#8220;0&#8243; shift_y=&#8220;0&#8243; shift_y_down=&#8220;0&#8243; z_index=&#8220;0&#8243; medium_width=&#8220;0&#8243; mobile_width=&#8220;0&#8243; width=&#8220;1\/1&#8243; uncode_shortcode_id=&#8220;178375&#8243;][vc_custom_heading heading_semantic=&#8220;h1&#8243; text_size=&#8220;custom&#8220; text_weight=&#8220;300&#8243; uncode_shortcode_id=&#8220;195327&#8243; heading_custom_size=&#8220;clamp(35px, 5vw, 70px)&#8220;]Entdecken Sie unsere Neuigkeiten, praktische Tipps und Erfahrungsberichte aus unseren Projekten vor Ort.[\/vc_custom_heading][vc_icon icon=&#8220;fa fa-arrow-down4&#8243; background_style=&#8220;fa-rounded&#8220; size=&#8220;fa-2x&#8220; outline=&#8220;yes&#8220; uncode_shortcode_id=&#8220;104466&#8243; link=&#8220;url:%23intro&#8220;][\/vc_icon][vc_empty_space empty_h=&#8220;3&#8243;][\/vc_column][\/vc_row][vc_row][vc_column][vc_column_text]<\/p>\n<p>[\/vc_column_text][\/vc_column][\/vc_row][vc_row unlock_row_content=&#8220;yes&#8220; row_height_percent=&#8220;0&#8243; override_padding=&#8220;yes&#8220; h_padding=&#8220;7&#8243; top_padding=&#8220;5&#8243; bottom_padding=&#8220;5&#8243; back_color=&#8220;color-611883&#8243; overlay_alpha=&#8220;100&#8243; gutter_size=&#8220;4&#8243; column_width_percent=&#8220;100&#8243; shift_y=&#8220;0&#8243; z_index=&#8220;0&#8243; content_parallax=&#8220;0&#8243; style=&#8220;inherited&#8220; uncode_shortcode_id=&#8220;172463&#8243; back_color_type=&#8220;uncode-palette&#8220;][vc_column column_width_percent=&#8220;100&#8243; gutter_size=&#8220;3&#8243; override_padding=&#8220;yes&#8220; column_padding=&#8220;0&#8243; overlay_alpha=&#8220;100&#8243; shift_x=&#8220;0&#8243; shift_y=&#8220;0&#8243; shift_y_down=&#8220;0&#8243; z_index=&#8220;0&#8243; medium_width=&#8220;0&#8243; mobile_width=&#8220;0&#8243; css_animation=&#8220;alpha-anim&#8220; animation_speed=&#8220;1000&#8243; zoom_width=&#8220;0&#8243; zoom_height=&#8220;0&#8243; width=&#8220;1\/1&#8243; uncode_shortcode_id=&#8220;211745&#8243;][uncode_index el_id=&#8220;index-9876567&#8243; loop=&#8220;size:12|order_by:date|post_type:post|taxonomy_count:10&#8243; style_preset=&#8220;metro&#8220; screen_lg=&#8220;1000&#8243; screen_md=&#8220;600&#8243; screen_sm=&#8220;480&#8243; gutter_size=&#8220;6&#8243; post_items=&#8220;media|featured|onpost|poster,title,text|excerpt|120,spacer|one,link|circle|default_size|scale_mobile|default_width|default_outline|Mehr erfahren&#8220; footer_full_width=&#8220;yes&#8220; single_text=&#8220;lateral&#8220; single_width=&#8220;12&#8243; single_image_size=&#8220;7&#8243; single_back_color=&#8220;color-xsdn&#8220; single_overlay_opacity=&#8220;50&#8243; single_overlay_anim=&#8220;no&#8220; single_text_visible=&#8220;yes&#8220; single_text_anim=&#8220;no&#8220; single_image_anim=&#8220;no&#8220; single_h_align_mobile=&#8220;center&#8220; single_vertical_text=&#8220;middle&#8220; single_padding=&#8220;5&#8243; single_title_dimension=&#8220;h2&#8243; single_text_lead=&#8220;yes&#8220; single_meta_custom_typo=&#8220;yes&#8220; single_meta_size=&#8220;default&#8220; single_border=&#8220;yes&#8220; post_matrix=&#8220;matrix&#8220; matrix_amount=&#8220;4&#8243; custom_cursor=&#8220;blur&#8220; matrix_items=&#8220;eyIwX2kiOnsic2luZ2xlX3BhcmFsbGF4X2ludGVuc2l0eSI6IjYiLCJzaW5nbGVfcGFyYWxsYXhfY2VudGVyZWQiOiJubyIsInNpbmdsZV9jc3NfYW5pbWF0aW9uIjoiIn0sIjFfaSI6eyJzaW5nbGVfaW1hZ2VfcG9zaXRpb24iOiJyaWdodCIsInNpbmdsZV9wYXJhbGxheF9pbnRlbnNpdHkiOiI2Iiwic2luZ2xlX2Nzc19hbmltYXRpb24iOiIifSwiMl9pIjp7InNpbmdsZV9wYXJhbGxheF9pbnRlbnNpdHkiOiIxIiwic2luZ2xlX2Nzc19hbmltYXRpb24iOiIifSwiM19pIjp7InNpbmdsZV9pbWFnZV9wb3NpdGlvbiI6InJpZ2h0Iiwic2luZ2xlX2Nzc19hbmltYXRpb24iOiIifX0=&#8220; uncode_shortcode_id=&#8220;386292&#8243;][\/vc_column][\/vc_row]<\/p>\n<\/div>","protected":false},"excerpt":{"rendered":"<p>[vc_row row_height_percent=&#8220;75&#8243; override_padding=&#8220;yes&#8220; h_padding=&#8220;1&#8243; top_padding=&#8220;5&#8243; bottom_padding=&#8220;5&#8243; back_color=&#8220;color-nhtu&#8220; back_image=&#8220;146183&#8243; parallax=&#8220;yes&#8220; overlay_alpha=&#8220;85&#8243; overlay_color_blend=&#8220;multiply&#8220; gutter_size=&#8220;3&#8243; column_width_percent=&#8220;100&#8243; shift_y=&#8220;0&#8243; z_index=&#8220;0&#8243; bottom_divider=&#8220;step_2_3&#8243; content_parallax=&#8220;3&#8243; uncode_shortcode_id=&#8220;231039&#8243; back_color_type=&#8220;uncode-palette&#8220; el_class=&#8220;overflow-hidden&#8220; [&hellip;]<\/p>\n","protected":false},"author":1,"featured_media":0,"parent":0,"menu_order":0,"comment_status":"closed","ping_status":"closed","template":"","meta":{"footnotes":""},"class_list":["post-146924","page","type-page","status-publish","hentry"],"yoast_head":"<!-- This site is optimized with the Yoast SEO plugin v26.0 - https:\/\/yoast.com\/wordpress\/plugins\/seo\/ -->\n<title>Nachrichten - Sound Ecology<\/title>\n<meta name=\"description\" content=\"Restez inform\u00e9 des \u00e9v\u00e9nements, formations et initiatives en faveur de la biodiversit\u00e9.\" \/>\n<meta name=\"robots\" content=\"index, follow, max-snippet:-1, max-image-preview:large, max-video-preview:-1\" \/>\n<link rel=\"canonical\" href=\"https:\/\/www.sound-ecology.com\/de\/nachrichten\/\" \/>\n<meta property=\"og:locale\" content=\"de_DE\" \/>\n<meta property=\"og:type\" content=\"article\" \/>\n<meta property=\"og:title\" content=\"Nachrichten - Sound Ecology\" \/>\n<meta property=\"og:description\" content=\"Restez inform\u00e9 des \u00e9v\u00e9nements, formations et initiatives en faveur de la biodiversit\u00e9.\" \/>\n<meta property=\"og:url\" content=\"https:\/\/www.sound-ecology.com\/de\/nachrichten\/\" \/>\n<meta property=\"og:site_name\" content=\"Sound Ecology\" \/>\n<meta property=\"article:modified_time\" content=\"2025-10-04T14:33:40+00:00\" \/>\n<meta name=\"twitter:card\" content=\"summary_large_image\" \/>\n<meta name=\"twitter:label1\" content=\"Gesch\u00e4tzte Lesezeit\" \/>\n\t<meta name=\"twitter:data1\" content=\"1\u00a0Minute\" \/>\n<script type=\"application\/ld+json\" class=\"yoast-schema-graph\">{\"@context\":\"https:\/\/schema.org\",\"@graph\":[{\"@type\":\"WebPage\",\"@id\":\"https:\/\/www.sound-ecology.com\/de\/nachrichten\/\",\"url\":\"https:\/\/www.sound-ecology.com\/de\/nachrichten\/\",\"name\":\"Nachrichten - Sound Ecology\",\"isPartOf\":{\"@id\":\"https:\/\/www.sound-ecology.com\/de\/#website\"},\"datePublished\":\"2024-10-17T08:52:52+00:00\",\"dateModified\":\"2025-10-04T14:33:40+00:00\",\"description\":\"Restez inform\u00e9 des \u00e9v\u00e9nements, formations et initiatives en faveur de la biodiversit\u00e9.\",\"breadcrumb\":{\"@id\":\"https:\/\/www.sound-ecology.com\/de\/nachrichten\/#breadcrumb\"},\"inLanguage\":\"de\",\"potentialAction\":[{\"@type\":\"ReadAction\",\"target\":[\"https:\/\/www.sound-ecology.com\/de\/nachrichten\/\"]}]},{\"@type\":\"BreadcrumbList\",\"@id\":\"https:\/\/www.sound-ecology.com\/de\/nachrichten\/#breadcrumb\",\"itemListElement\":[{\"@type\":\"ListItem\",\"position\":1,\"name\":\"Accueil\",\"item\":\"https:\/\/www.sound-ecology.com\/de\/\"},{\"@type\":\"ListItem\",\"position\":2,\"name\":\"Nachrichten\"}]},{\"@type\":\"WebSite\",\"@id\":\"https:\/\/www.sound-ecology.com\/de\/#website\",\"url\":\"https:\/\/www.sound-ecology.com\/de\/\",\"name\":\"Sound Ecology\",\"description\":\"Biodiversit\u00e9 &amp; V\u00e9g\u00e9talisation durable\",\"publisher\":{\"@id\":\"https:\/\/www.sound-ecology.com\/de\/#organization\"},\"potentialAction\":[{\"@type\":\"SearchAction\",\"target\":{\"@type\":\"EntryPoint\",\"urlTemplate\":\"https:\/\/www.sound-ecology.com\/de\/?s={search_term_string}\"},\"query-input\":{\"@type\":\"PropertyValueSpecification\",\"valueRequired\":true,\"valueName\":\"search_term_string\"}}],\"inLanguage\":\"de\"},{\"@type\":\"Organization\",\"@id\":\"https:\/\/www.sound-ecology.com\/de\/#organization\",\"name\":\"Sound Ecology\",\"url\":\"https:\/\/www.sound-ecology.com\/de\/\",\"logo\":{\"@type\":\"ImageObject\",\"inLanguage\":\"de\",\"@id\":\"https:\/\/www.sound-ecology.com\/de\/#\/schema\/logo\/image\/\",\"url\":\"https:\/\/www.sound-ecology.com\/wp-content\/uploads\/2025\/02\/soundecology-logo-dark-1.svg\",\"contentUrl\":\"https:\/\/www.sound-ecology.com\/wp-content\/uploads\/2025\/02\/soundecology-logo-dark-1.svg\",\"width\":\"250\",\"height\":\"93\",\"caption\":\"Sound Ecology\"},\"image\":{\"@id\":\"https:\/\/www.sound-ecology.com\/de\/#\/schema\/logo\/image\/\"},\"sameAs\":[\"https:\/\/www.linkedin.com\/company\/soundecology\"]}]}<\/script>\n<!-- \/ Yoast SEO plugin. -->","yoast_head_json":{"title":"Nachrichten - Sound Ecology","description":"Restez inform\u00e9 des \u00e9v\u00e9nements, formations et initiatives en faveur de la biodiversit\u00e9.","robots":{"index":"index","follow":"follow","max-snippet":"max-snippet:-1","max-image-preview":"max-image-preview:large","max-video-preview":"max-video-preview:-1"},"canonical":"https:\/\/www.sound-ecology.com\/de\/nachrichten\/","og_locale":"de_DE","og_type":"article","og_title":"Nachrichten - Sound Ecology","og_description":"Restez inform\u00e9 des \u00e9v\u00e9nements, formations et initiatives en faveur de la biodiversit\u00e9.","og_url":"https:\/\/www.sound-ecology.com\/de\/nachrichten\/","og_site_name":"Sound Ecology","article_modified_time":"2025-10-04T14:33:40+00:00","twitter_card":"summary_large_image","twitter_misc":{"Gesch\u00e4tzte Lesezeit":"1\u00a0Minute"},"schema":{"@context":"https:\/\/schema.org","@graph":[{"@type":"WebPage","@id":"https:\/\/www.sound-ecology.com\/de\/nachrichten\/","url":"https:\/\/www.sound-ecology.com\/de\/nachrichten\/","name":"Nachrichten - Sound Ecology","isPartOf":{"@id":"https:\/\/www.sound-ecology.com\/de\/#website"},"datePublished":"2024-10-17T08:52:52+00:00","dateModified":"2025-10-04T14:33:40+00:00","description":"Restez inform\u00e9 des \u00e9v\u00e9nements, formations et initiatives en faveur de la biodiversit\u00e9.","breadcrumb":{"@id":"https:\/\/www.sound-ecology.com\/de\/nachrichten\/#breadcrumb"},"inLanguage":"de","potentialAction":[{"@type":"ReadAction","target":["https:\/\/www.sound-ecology.com\/de\/nachrichten\/"]}]},{"@type":"BreadcrumbList","@id":"https:\/\/www.sound-ecology.com\/de\/nachrichten\/#breadcrumb","itemListElement":[{"@type":"ListItem","position":1,"name":"Accueil","item":"https:\/\/www.sound-ecology.com\/de\/"},{"@type":"ListItem","position":2,"name":"Nachrichten"}]},{"@type":"WebSite","@id":"https:\/\/www.sound-ecology.com\/de\/#website","url":"https:\/\/www.sound-ecology.com\/de\/","name":"Sound Ecology","description":"Biodiversit\u00e9 &amp; V\u00e9g\u00e9talisation durable","publisher":{"@id":"https:\/\/www.sound-ecology.com\/de\/#organization"},"potentialAction":[{"@type":"SearchAction","target":{"@type":"EntryPoint","urlTemplate":"https:\/\/www.sound-ecology.com\/de\/?s={search_term_string}"},"query-input":{"@type":"PropertyValueSpecification","valueRequired":true,"valueName":"search_term_string"}}],"inLanguage":"de"},{"@type":"Organization","@id":"https:\/\/www.sound-ecology.com\/de\/#organization","name":"Sound Ecology","url":"https:\/\/www.sound-ecology.com\/de\/","logo":{"@type":"ImageObject","inLanguage":"de","@id":"https:\/\/www.sound-ecology.com\/de\/#\/schema\/logo\/image\/","url":"https:\/\/www.sound-ecology.com\/wp-content\/uploads\/2025\/02\/soundecology-logo-dark-1.svg","contentUrl":"https:\/\/www.sound-ecology.com\/wp-content\/uploads\/2025\/02\/soundecology-logo-dark-1.svg","width":"250","height":"93","caption":"Sound Ecology"},"image":{"@id":"https:\/\/www.sound-ecology.com\/de\/#\/schema\/logo\/image\/"},"sameAs":["https:\/\/www.linkedin.com\/company\/soundecology"]}]}},"_links":{"self":[{"href":"https:\/\/www.sound-ecology.com\/de\/wp-json\/wp\/v2\/pages\/146924","targetHints":{"allow":["GET"]}}],"collection":[{"href":"https:\/\/www.sound-ecology.com\/de\/wp-json\/wp\/v2\/pages"}],"about":[{"href":"https:\/\/www.sound-ecology.com\/de\/wp-json\/wp\/v2\/types\/page"}],"author":[{"embeddable":true,"href":"https:\/\/www.sound-ecology.com\/de\/wp-json\/wp\/v2\/users\/1"}],"replies":[{"embeddable":true,"href":"https:\/\/www.sound-ecology.com\/de\/wp-json\/wp\/v2\/comments?post=146924"}],"version-history":[{"count":4,"href":"https:\/\/www.sound-ecology.com\/de\/wp-json\/wp\/v2\/pages\/146924\/revisions"}],"predecessor-version":[{"id":147435,"href":"https:\/\/www.sound-ecology.com\/de\/wp-json\/wp\/v2\/pages\/146924\/revisions\/147435"}],"wp:attachment":[{"href":"https:\/\/www.sound-ecology.com\/de\/wp-json\/wp\/v2\/media?parent=146924"}],"curies":[{"name":"wp","href":"https:\/\/api.w.org\/{rel}","templated":true}]}}